{"id":1521,"date":"2024-11-13T17:48:02","date_gmt":"2024-11-13T16:48:02","guid":{"rendered":"https:\/\/www.ethbordac.com\/all-year-long\/"},"modified":"2025-01-16T16:11:08","modified_gmt":"2025-01-16T15:11:08","slug":"all-year-long","status":"publish","type":"page","link":"https:\/\/www.ethbordac.com\/en\/all-year-long\/","title":{"rendered":"All year long"},"content":{"rendered":"\t\t<div data-elementor-type=\"wp-page\" data-elementor-id=\"1521\" class=\"elementor elementor-1521 elementor-853\" data-elementor-post-type=\"page\">\n\t\t\t\t\t\t<section class=\"elementor-section elementor-top-section elementor-element elementor-element-0871cd9 elementor-section-stretched elementor-section-boxed elementor-section-height-default elementor-section-height-default\" data-id=\"0871cd9\" data-element_type=\"section\" data-e-type=\"section\" data-settings=\"{&quot;stretch_section&quot;:&quot;section-stretched&quot;,&quot;background_background&quot;:&quot;classic&quot;}\">\n\t\t\t\t\t\t<div class=\"elementor-container elementor-column-gap-wider\">\n\t\t\t\t\t<div class=\"elementor-column elementor-col-100 elementor-top-column elementor-element elementor-element-0b01de6\" data-id=\"0b01de6\" data-element_type=\"column\" data-e-type=\"column\">\n\t\t\t<div class=\"elementor-widget-wrap elementor-element-populated\">\n\t\t\t\t\t\t<section class=\"elementor-section elementor-inner-section elementor-element elementor-element-5253d01 elementor-section-boxed elementor-section-height-default elementor-section-height-default\" data-id=\"5253d01\" data-element_type=\"section\" data-e-type=\"section\">\n\t\t\t\t\t\t<div class=\"elementor-container elementor-column-gap-default\">\n\t\t\t\t\t<div class=\"elementor-column elementor-col-100 elementor-inner-column elementor-element elementor-element-9498abe\" data-id=\"9498abe\" data-element_type=\"column\" data-e-type=\"column\">\n\t\t\t<div class=\"elementor-widget-wrap elementor-element-populated\">\n\t\t\t\t\t\t<div class=\"elementor-element elementor-element-624a3d7 elementor-widget elementor-widget-text-editor\" data-id=\"624a3d7\" data-element_type=\"widget\" data-e-type=\"widget\" data-widget_type=\"text-editor.default\">\n\t\t\t\t<div class=\"elementor-widget-container\">\n\t\t\t\t\t\t\t\t\t<p>Perfect vacation homes for a well-being and cultural stay in the Pyrenees !<\/p>\n\t\t\t\t\t\t\t\t<\/div>\n\t\t\t\t<\/div>\n\t\t\t\t\t<\/div>\n\t\t<\/div>\n\t\t\t\t\t<\/div>\n\t\t<\/section>\n\t\t\t\t<section class=\"elementor-section elementor-inner-section elementor-element elementor-element-65ce761 elementor-section-height-min-height elementor-section-boxed elementor-section-height-default\" data-id=\"65ce761\" data-element_type=\"section\" data-e-type=\"section\">\n\t\t\t\t\t\t<div class=\"elementor-container elementor-column-gap-default\">\n\t\t\t\t\t<div class=\"elementor-column elementor-col-100 elementor-inner-column elementor-element elementor-element-cd717ad\" data-id=\"cd717ad\" data-element_type=\"column\" data-e-type=\"column\" data-settings=\"{&quot;background_background&quot;:&quot;classic&quot;}\">\n\t\t\t<div class=\"elementor-widget-wrap elementor-element-populated\">\n\t\t\t\t\t\t<div class=\"elementor-element elementor-element-5fb3184 elementor-widget elementor-widget-spacer\" data-id=\"5fb3184\" data-element_type=\"widget\" data-e-type=\"widget\" data-widget_type=\"spacer.default\">\n\t\t\t\t<div class=\"elementor-widget-container\">\n\t\t\t\t\t\t\t<div class=\"elementor-spacer\">\n\t\t\t<div class=\"elementor-spacer-inner\"><\/div>\n\t\t<\/div>\n\t\t\t\t\t\t<\/div>\n\t\t\t\t<\/div>\n\t\t\t\t\t<\/div>\n\t\t<\/div>\n\t\t\t\t\t<\/div>\n\t\t<\/section>\n\t\t\t\t<section class=\"elementor-section elementor-inner-section elementor-element elementor-element-85d9851 elementor-section-boxed elementor-section-height-default elementor-section-height-default\" data-id=\"85d9851\" data-element_type=\"section\" data-e-type=\"section\">\n\t\t\t\t\t\t<div class=\"elementor-container elementor-column-gap-default\">\n\t\t\t\t\t<div class=\"elementor-column elementor-col-100 elementor-inner-column elementor-element elementor-element-c3a639f\" data-id=\"c3a639f\" data-element_type=\"column\" data-e-type=\"column\">\n\t\t\t<div class=\"elementor-widget-wrap elementor-element-populated\">\n\t\t\t\t\t\t<div class=\"elementor-element elementor-element-77130af elementor-widget elementor-widget-text-editor\" data-id=\"77130af\" data-element_type=\"widget\" data-e-type=\"widget\" data-widget_type=\"text-editor.default\">\n\t\t\t\t<div class=\"elementor-widget-container\">\n\t\t\t\t\t\t\t\t\t<p>Forget that mountain is only for sportmen.<br \/>All year long, it is surprisingly accommodating for those who know how to relax and leave stress behind.<\/p>\n\t\t\t\t\t\t\t\t<\/div>\n\t\t\t\t<\/div>\n\t\t\t\t\t<\/div>\n\t\t<\/div>\n\t\t\t\t\t<\/div>\n\t\t<\/section>\n\t\t\t\t\t<\/div>\n\t\t<\/div>\n\t\t\t\t\t<\/div>\n\t\t<\/section>\n\t\t\t\t<section class=\"elementor-section elementor-top-section elementor-element elementor-element-e977e4e elementor-section-stretched elementor-section-boxed elementor-section-height-default elementor-section-height-default\" data-id=\"e977e4e\" data-element_type=\"section\" data-e-type=\"section\" data-settings=\"{&quot;stretch_section&quot;:&quot;section-stretched&quot;,&quot;background_background&quot;:&quot;classic&quot;}\">\n\t\t\t\t\t\t<div class=\"elementor-container elementor-column-gap-wider\">\n\t\t\t\t\t<div class=\"elementor-column elementor-col-100 elementor-top-column elementor-element elementor-element-0089880\" data-id=\"0089880\" data-element_type=\"column\" data-e-type=\"column\">\n\t\t\t<div class=\"elementor-widget-wrap elementor-element-populated\">\n\t\t\t\t\t\t<section class=\"elementor-section elementor-inner-section elementor-element elementor-element-a0f3649 elementor-reverse-mobile elementor-section-boxed elementor-section-height-default elementor-section-height-default\" data-id=\"a0f3649\" data-element_type=\"section\" data-e-type=\"section\">\n\t\t\t\t\t\t<div class=\"elementor-container elementor-column-gap-default\">\n\t\t\t\t\t<div class=\"elementor-column elementor-col-50 elementor-inner-column elementor-element elementor-element-9268866\" data-id=\"9268866\" data-element_type=\"column\" data-e-type=\"column\" data-settings=\"{&quot;background_background&quot;:&quot;classic&quot;}\">\n\t\t\t<div class=\"elementor-widget-wrap elementor-element-populated\">\n\t\t\t\t\t\t<div class=\"elementor-element elementor-element-b3de90c elementor-widget elementor-widget-heading\" data-id=\"b3de90c\" data-element_type=\"widget\" data-e-type=\"widget\" data-widget_type=\"heading.default\">\n\t\t\t\t<div class=\"elementor-widget-container\">\n\t\t\t\t\t<h3 class=\"elementor-heading-title elementor-size-default\">City life and Festivals<\/h3>\t\t\t\t<\/div>\n\t\t\t\t<\/div>\n\t\t\t\t<div class=\"elementor-element elementor-element-e8b1fa3 elementor-widget elementor-widget-text-editor\" data-id=\"e8b1fa3\" data-element_type=\"widget\" data-e-type=\"widget\" data-widget_type=\"text-editor.default\">\n\t\t\t\t<div class=\"elementor-widget-container\">\n\t\t\t\t\t\t\t\t\t<p><strong>Festivals<\/strong><br \/>Those who live in Cazeaux can reap the benefits of town and city life just a few km away. Some of the highlights around are the \u201cFestival des Cr\u00e9ations T\u00e9l\u00e9visuelles de Luchon\u201d, or for jazz and lyrics lovers, \u201cJazz en Comminges\u201d in St Gaudens and the Festival of Saint Bertrand de Comminges\u2026<\/p>\n<p><strong>Cultural heritage<\/strong><br \/>Not to forget our cultural heritage. It is a good time to visit the various Romanesque churches of our valleys. Nearby the g\u00eete in Cazeaux de Larboust, you will come across Saint Anne church.<\/p>\n\t\t\t\t\t\t\t\t<\/div>\n\t\t\t\t<\/div>\n\t\t\t\t\t<\/div>\n\t\t<\/div>\n\t\t\t\t<div class=\"elementor-column elementor-col-50 elementor-inner-column elementor-element elementor-element-5761eab\" data-id=\"5761eab\" data-element_type=\"column\" data-e-type=\"column\" data-settings=\"{&quot;background_background&quot;:&quot;classic&quot;}\">\n\t\t\t<div class=\"elementor-widget-wrap elementor-element-populated\">\n\t\t\t\t\t\t<div class=\"elementor-element elementor-element-3df6ea6 elementor-widget elementor-widget-spacer\" data-id=\"3df6ea6\" data-element_type=\"widget\" data-e-type=\"widget\" data-widget_type=\"spacer.default\">\n\t\t\t\t<div class=\"elementor-widget-container\">\n\t\t\t\t\t\t\t<div class=\"elementor-spacer\">\n\t\t\t<div class=\"elementor-spacer-inner\"><\/div>\n\t\t<\/div>\n\t\t\t\t\t\t<\/div>\n\t\t\t\t<\/div>\n\t\t\t\t\t<\/div>\n\t\t<\/div>\n\t\t\t\t\t<\/div>\n\t\t<\/section>\n\t\t\t\t\t<\/div>\n\t\t<\/div>\n\t\t\t\t\t<\/div>\n\t\t<\/section>\n\t\t\t\t<section class=\"elementor-section elementor-top-section elementor-element elementor-element-c4a2686 elementor-section-stretched elementor-section-boxed elementor-section-height-default elementor-section-height-default\" data-id=\"c4a2686\" data-element_type=\"section\" data-e-type=\"section\" data-settings=\"{&quot;stretch_section&quot;:&quot;section-stretched&quot;,&quot;background_background&quot;:&quot;classic&quot;}\">\n\t\t\t\t\t\t<div class=\"elementor-container elementor-column-gap-wider\">\n\t\t\t\t\t<div class=\"elementor-column elementor-col-100 elementor-top-column elementor-element elementor-element-0e1e4a9\" data-id=\"0e1e4a9\" data-element_type=\"column\" data-e-type=\"column\">\n\t\t\t<div class=\"elementor-widget-wrap elementor-element-populated\">\n\t\t\t\t\t\t<section class=\"elementor-section elementor-inner-section elementor-element elementor-element-dd6d702 elementor-section-boxed elementor-section-height-default elementor-section-height-default\" data-id=\"dd6d702\" data-element_type=\"section\" data-e-type=\"section\">\n\t\t\t\t\t\t<div class=\"elementor-container elementor-column-gap-default\">\n\t\t\t\t\t<div class=\"elementor-column elementor-col-50 elementor-inner-column elementor-element elementor-element-42ec652\" data-id=\"42ec652\" data-element_type=\"column\" data-e-type=\"column\" data-settings=\"{&quot;background_background&quot;:&quot;classic&quot;}\">\n\t\t\t<div class=\"elementor-widget-wrap elementor-element-populated\">\n\t\t\t\t\t\t<div class=\"elementor-element elementor-element-fe4d20c elementor-widget elementor-widget-spacer\" data-id=\"fe4d20c\" data-element_type=\"widget\" data-e-type=\"widget\" data-widget_type=\"spacer.default\">\n\t\t\t\t<div class=\"elementor-widget-container\">\n\t\t\t\t\t\t\t<div class=\"elementor-spacer\">\n\t\t\t<div class=\"elementor-spacer-inner\"><\/div>\n\t\t<\/div>\n\t\t\t\t\t\t<\/div>\n\t\t\t\t<\/div>\n\t\t\t\t\t<\/div>\n\t\t<\/div>\n\t\t\t\t<div class=\"elementor-column elementor-col-50 elementor-inner-column elementor-element elementor-element-8215d07\" data-id=\"8215d07\" data-element_type=\"column\" data-e-type=\"column\" data-settings=\"{&quot;background_background&quot;:&quot;classic&quot;}\">\n\t\t\t<div class=\"elementor-widget-wrap elementor-element-populated\">\n\t\t\t\t\t\t<div class=\"elementor-element elementor-element-2c764a7 elementor-widget elementor-widget-heading\" data-id=\"2c764a7\" data-element_type=\"widget\" data-e-type=\"widget\" data-widget_type=\"heading.default\">\n\t\t\t\t<div class=\"elementor-widget-container\">\n\t\t\t\t\t<h3 class=\"elementor-heading-title elementor-size-default\">Fitness and Wellness to Take Care of Yourself<\/h3>\t\t\t\t<\/div>\n\t\t\t\t<\/div>\n\t\t\t\t<div class=\"elementor-element elementor-element-69ae8da elementor-widget elementor-widget-text-editor\" data-id=\"69ae8da\" data-element_type=\"widget\" data-e-type=\"widget\" data-widget_type=\"text-editor.default\">\n\t\t\t\t<div class=\"elementor-widget-container\">\n\t\t\t\t\t\t\t\t\t<p>To recharge your batteries during your stay, three peaceful and wellness-focused spaces will allow you to relax and enjoy the benefits of water.<\/p><p><strong>Luchon Thermal Baths<\/strong><br \/>The Luchon Thermal Baths and &#8220;Luchon Fitness and Wellness&#8221; welcome you and take care of you. Thermal baths, balneotherapy, the Vaporarium (a unique natural hammam in Europe), therapeutic or flexible treatments, spa, pool, massages&#8230; You&#8217;ll have plenty of options to treat yourself and feel good.<\/p><p><strong>SOZEN Relaxation &amp; Wellness<\/strong><br \/>Take a break after a long hike or ski day and enjoy a Chinese massage with Sonia.<\/p>\t\t\t\t\t\t\t\t<\/div>\n\t\t\t\t<\/div>\n\t\t\t\t\t<\/div>\n\t\t<\/div>\n\t\t\t\t\t<\/div>\n\t\t<\/section>\n\t\t\t\t\t<\/div>\n\t\t<\/div>\n\t\t\t\t\t<\/div>\n\t\t<\/section>\n\t\t\t\t<section class=\"elementor-section elementor-top-section elementor-element elementor-element-3d710e1 elementor-section-stretched elementor-section-boxed elementor-section-height-default elementor-section-height-default\" data-id=\"3d710e1\" data-element_type=\"section\" data-e-type=\"section\" data-settings=\"{&quot;stretch_section&quot;:&quot;section-stretched&quot;,&quot;background_background&quot;:&quot;classic&quot;}\">\n\t\t\t\t\t\t<div class=\"elementor-container elementor-column-gap-wider\">\n\t\t\t\t\t<div class=\"elementor-column elementor-col-100 elementor-top-column elementor-element elementor-element-f99a391\" data-id=\"f99a391\" data-element_type=\"column\" data-e-type=\"column\">\n\t\t\t<div class=\"elementor-widget-wrap elementor-element-populated\">\n\t\t\t\t\t\t<section class=\"elementor-section elementor-inner-section elementor-element elementor-element-8620088 elementor-reverse-mobile elementor-section-boxed elementor-section-height-default elementor-section-height-default\" data-id=\"8620088\" data-element_type=\"section\" data-e-type=\"section\">\n\t\t\t\t\t\t<div class=\"elementor-container elementor-column-gap-default\">\n\t\t\t\t\t<div class=\"elementor-column elementor-col-50 elementor-inner-column elementor-element elementor-element-c5a1437\" data-id=\"c5a1437\" data-element_type=\"column\" data-e-type=\"column\" data-settings=\"{&quot;background_background&quot;:&quot;classic&quot;}\">\n\t\t\t<div class=\"elementor-widget-wrap elementor-element-populated\">\n\t\t\t\t\t\t<div class=\"elementor-element elementor-element-2cf403f elementor-widget elementor-widget-text-editor\" data-id=\"2cf403f\" data-element_type=\"widget\" data-e-type=\"widget\" data-widget_type=\"text-editor.default\">\n\t\t\t\t<div class=\"elementor-widget-container\">\n\t\t\t\t\t\t\t\t\t<p><strong>Balnea Wellness<\/strong><br \/>The Balnea leisure spa is set at the bottom of Peyragudes and Val Louron ski resorts by the Lake Genos-Loudenvielle, in the Haute Pyrenees. Appr\u00e9ciez l\u2019eau sous toutes ses formes et des installations spectaculaires pour l\u2019espace d\u2019un instant oubliez tout le stress quotidien.<\/p><p><strong>Termas Baronias de Les<\/strong><br \/>The Thermal Spa centre La Baronia de Les in the nearby Spanish village of Les, is especially well-known for its caviar treatments. Steam rooms, Sauna, Ice Cabin, heated marble room, Jacuzzis with variable temperatures, stone foot path, Chinese reflexology path, indoor and outdoor pool, exercise room and an area for relaxing. Personalized beauty treatments, manual therapy and hydrotherapy.<\/p>\t\t\t\t\t\t\t\t<\/div>\n\t\t\t\t<\/div>\n\t\t\t\t\t<\/div>\n\t\t<\/div>\n\t\t\t\t<div class=\"elementor-column elementor-col-50 elementor-inner-column elementor-element elementor-element-5ee260c\" data-id=\"5ee260c\" data-element_type=\"column\" data-e-type=\"column\" data-settings=\"{&quot;background_background&quot;:&quot;classic&quot;}\">\n\t\t\t<div class=\"elementor-widget-wrap elementor-element-populated\">\n\t\t\t\t\t\t<div class=\"elementor-element elementor-element-a2d08ba elementor-widget elementor-widget-spacer\" data-id=\"a2d08ba\" data-element_type=\"widget\" data-e-type=\"widget\" data-widget_type=\"spacer.default\">\n\t\t\t\t<div class=\"elementor-widget-container\">\n\t\t\t\t\t\t\t<div class=\"elementor-spacer\">\n\t\t\t<div class=\"elementor-spacer-inner\"><\/div>\n\t\t<\/div>\n\t\t\t\t\t\t<\/div>\n\t\t\t\t<\/div>\n\t\t\t\t\t<\/div>\n\t\t<\/div>\n\t\t\t\t\t<\/div>\n\t\t<\/section>\n\t\t\t\t\t<\/div>\n\t\t<\/div>\n\t\t\t\t\t<\/div>\n\t\t<\/section>\n\t\t\t\t<\/div>\n\t\t","protected":false},"excerpt":{"rendered":"<p>Perfect vacation homes for a well-being and cultural stay in the Pyrenees ! Forget that mountain is only for sportmen.All year long, it is surprisingly accommodating<span class=\"excerpt-hellip\"> [\u2026]<\/span><\/p>\n","protected":false},"author":1,"featured_media":0,"parent":0,"menu_order":0,"comment_status":"open","ping_status":"closed","template":"","meta":{"footnotes":""},"class_list":["post-1521","page","type-page","status-publish","hentry"],"yoast_head":"<!-- This site is optimized with the Yoast SEO plugin v27.1.1 - https:\/\/yoast.com\/product\/yoast-seo-wordpress\/ -->\n<title>All year long - Maisons Eth Bordac<\/title>\n<meta name=\"robots\" content=\"index, follow, max-snippet:-1, max-image-preview:large, max-video-preview:-1\" \/>\n<link rel=\"canonical\" href=\"https:\/\/www.ethbordac.com\/en\/all-year-long\/\" \/>\n<meta property=\"og:locale\" content=\"en_US\" \/>\n<meta property=\"og:type\" content=\"article\" \/>\n<meta property=\"og:title\" content=\"All year long - Maisons Eth Bordac\" \/>\n<meta property=\"og:description\" content=\"Perfect vacation homes for a well-being and cultural stay in the Pyrenees ! Forget that mountain is only for sportmen.All year long, it is surprisingly accommodating [\u2026]\" \/>\n<meta property=\"og:url\" content=\"https:\/\/www.ethbordac.com\/en\/all-year-long\/\" \/>\n<meta property=\"og:site_name\" content=\"Maisons Eth Bordac\" \/>\n<meta property=\"article:modified_time\" content=\"2025-01-16T15:11:08+00:00\" \/>\n<meta name=\"twitter:card\" content=\"summary_large_image\" \/>\n<meta name=\"twitter:label1\" content=\"Est. reading time\" \/>\n\t<meta name=\"twitter:data1\" content=\"2 minutes\" \/>\n<script type=\"application\/ld+json\" class=\"yoast-schema-graph\">{\"@context\":\"https:\/\/schema.org\",\"@graph\":[{\"@type\":\"WebPage\",\"@id\":\"https:\/\/www.ethbordac.com\/en\/all-year-long\/\",\"url\":\"https:\/\/www.ethbordac.com\/en\/all-year-long\/\",\"name\":\"All year long - Maisons Eth Bordac\",\"isPartOf\":{\"@id\":\"https:\/\/www.ethbordac.com\/#website\"},\"datePublished\":\"2024-11-13T16:48:02+00:00\",\"dateModified\":\"2025-01-16T15:11:08+00:00\",\"breadcrumb\":{\"@id\":\"https:\/\/www.ethbordac.com\/en\/all-year-long\/#breadcrumb\"},\"inLanguage\":\"en-US\",\"potentialAction\":[{\"@type\":\"ReadAction\",\"target\":[\"https:\/\/www.ethbordac.com\/en\/all-year-long\/\"]}]},{\"@type\":\"BreadcrumbList\",\"@id\":\"https:\/\/www.ethbordac.com\/en\/all-year-long\/#breadcrumb\",\"itemListElement\":[{\"@type\":\"ListItem\",\"position\":1,\"name\":\"Accueil\",\"item\":\"https:\/\/www.ethbordac.com\/\"},{\"@type\":\"ListItem\",\"position\":2,\"name\":\"All year long\"}]},{\"@type\":\"WebSite\",\"@id\":\"https:\/\/www.ethbordac.com\/#website\",\"url\":\"https:\/\/www.ethbordac.com\/\",\"name\":\"Maisons Eth Bordac\",\"description\":\"Location maisons de vacances dans les Pyr\u00e9n\u00e9es pr\u00e8s de Peyragudes et Luchon\",\"potentialAction\":[{\"@type\":\"SearchAction\",\"target\":{\"@type\":\"EntryPoint\",\"urlTemplate\":\"https:\/\/www.ethbordac.com\/?s={search_term_string}\"},\"query-input\":{\"@type\":\"PropertyValueSpecification\",\"valueRequired\":true,\"valueName\":\"search_term_string\"}}],\"inLanguage\":\"en-US\"}]}<\/script>\n<!-- \/ Yoast SEO plugin. -->","yoast_head_json":{"title":"All year long - Maisons Eth Bordac","robots":{"index":"index","follow":"follow","max-snippet":"max-snippet:-1","max-image-preview":"max-image-preview:large","max-video-preview":"max-video-preview:-1"},"canonical":"https:\/\/www.ethbordac.com\/en\/all-year-long\/","og_locale":"en_US","og_type":"article","og_title":"All year long - Maisons Eth Bordac","og_description":"Perfect vacation homes for a well-being and cultural stay in the Pyrenees ! Forget that mountain is only for sportmen.All year long, it is surprisingly accommodating [\u2026]","og_url":"https:\/\/www.ethbordac.com\/en\/all-year-long\/","og_site_name":"Maisons Eth Bordac","article_modified_time":"2025-01-16T15:11:08+00:00","twitter_card":"summary_large_image","twitter_misc":{"Est. reading time":"2 minutes"},"schema":{"@context":"https:\/\/schema.org","@graph":[{"@type":"WebPage","@id":"https:\/\/www.ethbordac.com\/en\/all-year-long\/","url":"https:\/\/www.ethbordac.com\/en\/all-year-long\/","name":"All year long - Maisons Eth Bordac","isPartOf":{"@id":"https:\/\/www.ethbordac.com\/#website"},"datePublished":"2024-11-13T16:48:02+00:00","dateModified":"2025-01-16T15:11:08+00:00","breadcrumb":{"@id":"https:\/\/www.ethbordac.com\/en\/all-year-long\/#breadcrumb"},"inLanguage":"en-US","potentialAction":[{"@type":"ReadAction","target":["https:\/\/www.ethbordac.com\/en\/all-year-long\/"]}]},{"@type":"BreadcrumbList","@id":"https:\/\/www.ethbordac.com\/en\/all-year-long\/#breadcrumb","itemListElement":[{"@type":"ListItem","position":1,"name":"Accueil","item":"https:\/\/www.ethbordac.com\/"},{"@type":"ListItem","position":2,"name":"All year long"}]},{"@type":"WebSite","@id":"https:\/\/www.ethbordac.com\/#website","url":"https:\/\/www.ethbordac.com\/","name":"Maisons Eth Bordac","description":"Location maisons de vacances dans les Pyr\u00e9n\u00e9es pr\u00e8s de Peyragudes et Luchon","potentialAction":[{"@type":"SearchAction","target":{"@type":"EntryPoint","urlTemplate":"https:\/\/www.ethbordac.com\/?s={search_term_string}"},"query-input":{"@type":"PropertyValueSpecification","valueRequired":true,"valueName":"search_term_string"}}],"inLanguage":"en-US"}]}},"_links":{"self":[{"href":"https:\/\/www.ethbordac.com\/en\/wp-json\/wp\/v2\/pages\/1521","targetHints":{"allow":["GET"]}}],"collection":[{"href":"https:\/\/www.ethbordac.com\/en\/wp-json\/wp\/v2\/pages"}],"about":[{"href":"https:\/\/www.ethbordac.com\/en\/wp-json\/wp\/v2\/types\/page"}],"author":[{"embeddable":true,"href":"https:\/\/www.ethbordac.com\/en\/wp-json\/wp\/v2\/users\/1"}],"replies":[{"embeddable":true,"href":"https:\/\/www.ethbordac.com\/en\/wp-json\/wp\/v2\/comments?post=1521"}],"version-history":[{"count":5,"href":"https:\/\/www.ethbordac.com\/en\/wp-json\/wp\/v2\/pages\/1521\/revisions"}],"predecessor-version":[{"id":2237,"href":"https:\/\/www.ethbordac.com\/en\/wp-json\/wp\/v2\/pages\/1521\/revisions\/2237"}],"wp:attachment":[{"href":"https:\/\/www.ethbordac.com\/en\/wp-json\/wp\/v2\/media?parent=1521"}],"curies":[{"name":"wp","href":"https:\/\/api.w.org\/{rel}","templated":true}]}}