{"id":1519,"date":"2024-11-13T17:56:40","date_gmt":"2024-11-13T16:56:40","guid":{"rendered":"https:\/\/www.ethbordac.com\/useful-information\/"},"modified":"2025-01-15T13:17:35","modified_gmt":"2025-01-15T12:17:35","slug":"useful-information","status":"publish","type":"page","link":"https:\/\/www.ethbordac.com\/en\/useful-information\/","title":{"rendered":"Useful information"},"content":{"rendered":"\t\t<div data-elementor-type=\"wp-page\" data-elementor-id=\"1519\" class=\"elementor elementor-1519 elementor-876\" data-elementor-post-type=\"page\">\n\t\t\t\t\t\t<section class=\"elementor-section elementor-top-section elementor-element elementor-element-0871cd9 elementor-section-stretched elementor-section-boxed elementor-section-height-default elementor-section-height-default\" data-id=\"0871cd9\" data-element_type=\"section\" data-e-type=\"section\" data-settings=\"{&quot;stretch_section&quot;:&quot;section-stretched&quot;,&quot;background_background&quot;:&quot;classic&quot;}\">\n\t\t\t\t\t\t<div class=\"elementor-container elementor-column-gap-wider\">\n\t\t\t\t\t<div class=\"elementor-column elementor-col-100 elementor-top-column elementor-element elementor-element-0b01de6\" data-id=\"0b01de6\" data-element_type=\"column\" data-e-type=\"column\">\n\t\t\t<div class=\"elementor-widget-wrap elementor-element-populated\">\n\t\t\t\t\t\t<section class=\"elementor-section elementor-inner-section elementor-element elementor-element-5253d01 elementor-section-boxed elementor-section-height-default elementor-section-height-default\" data-id=\"5253d01\" data-element_type=\"section\" data-e-type=\"section\">\n\t\t\t\t\t\t<div class=\"elementor-container elementor-column-gap-default\">\n\t\t\t\t\t<div class=\"elementor-column elementor-col-100 elementor-inner-column elementor-element elementor-element-9498abe\" data-id=\"9498abe\" data-element_type=\"column\" data-e-type=\"column\">\n\t\t\t<div class=\"elementor-widget-wrap elementor-element-populated\">\n\t\t\t\t\t\t<div class=\"elementor-element elementor-element-624a3d7 elementor-widget elementor-widget-text-editor\" data-id=\"624a3d7\" data-element_type=\"widget\" data-e-type=\"widget\" data-widget_type=\"text-editor.default\">\n\t\t\t\t<div class=\"elementor-widget-container\">\n\t\t\t\t\t\t\t\t\t<p>Everything you need to know about renting our two &#8220;vacation homes&#8221;!<\/p>\t\t\t\t\t\t\t\t<\/div>\n\t\t\t\t<\/div>\n\t\t\t\t\t<\/div>\n\t\t<\/div>\n\t\t\t\t\t<\/div>\n\t\t<\/section>\n\t\t\t\t<section class=\"elementor-section elementor-inner-section elementor-element elementor-element-65ce761 elementor-section-height-min-height elementor-section-boxed elementor-section-height-default\" data-id=\"65ce761\" data-element_type=\"section\" data-e-type=\"section\">\n\t\t\t\t\t\t<div class=\"elementor-container elementor-column-gap-default\">\n\t\t\t\t\t<div class=\"elementor-column elementor-col-100 elementor-inner-column elementor-element elementor-element-cd717ad\" data-id=\"cd717ad\" data-element_type=\"column\" data-e-type=\"column\" data-settings=\"{&quot;background_background&quot;:&quot;classic&quot;}\">\n\t\t\t<div class=\"elementor-widget-wrap elementor-element-populated\">\n\t\t\t\t\t\t<div class=\"elementor-element elementor-element-5fb3184 elementor-widget elementor-widget-spacer\" data-id=\"5fb3184\" data-element_type=\"widget\" data-e-type=\"widget\" data-widget_type=\"spacer.default\">\n\t\t\t\t<div class=\"elementor-widget-container\">\n\t\t\t\t\t\t\t<div class=\"elementor-spacer\">\n\t\t\t<div class=\"elementor-spacer-inner\"><\/div>\n\t\t<\/div>\n\t\t\t\t\t\t<\/div>\n\t\t\t\t<\/div>\n\t\t\t\t\t<\/div>\n\t\t<\/div>\n\t\t\t\t\t<\/div>\n\t\t<\/section>\n\t\t\t\t<section class=\"elementor-section elementor-inner-section elementor-element elementor-element-85d9851 elementor-section-boxed elementor-section-height-default elementor-section-height-default\" data-id=\"85d9851\" data-element_type=\"section\" data-e-type=\"section\">\n\t\t\t\t\t\t<div class=\"elementor-container elementor-column-gap-default\">\n\t\t\t\t\t<div class=\"elementor-column elementor-col-100 elementor-inner-column elementor-element elementor-element-c3a639f\" data-id=\"c3a639f\" data-element_type=\"column\" data-e-type=\"column\">\n\t\t\t<div class=\"elementor-widget-wrap elementor-element-populated\">\n\t\t\t\t\t\t<div class=\"elementor-element elementor-element-77130af elementor-widget elementor-widget-text-editor\" data-id=\"77130af\" data-element_type=\"widget\" data-e-type=\"widget\" data-widget_type=\"text-editor.default\">\n\t\t\t\t<div class=\"elementor-widget-container\">\n\t\t\t\t\t\t\t\t\t<p>Toulouse Blagnac airport is only at 140km. <br \/>Direct flights from London take two hours, and direct flights from Paris take an hour and a half.<\/p>\t\t\t\t\t\t\t\t<\/div>\n\t\t\t\t<\/div>\n\t\t\t\t\t<\/div>\n\t\t<\/div>\n\t\t\t\t\t<\/div>\n\t\t<\/section>\n\t\t\t\t\t<\/div>\n\t\t<\/div>\n\t\t\t\t\t<\/div>\n\t\t<\/section>\n\t\t\t\t<section class=\"elementor-section elementor-top-section elementor-element elementor-element-13aaf52 elementor-section-stretched elementor-section-boxed elementor-section-height-default elementor-section-height-default\" data-id=\"13aaf52\" data-element_type=\"section\" data-e-type=\"section\" data-settings=\"{&quot;stretch_section&quot;:&quot;section-stretched&quot;,&quot;background_background&quot;:&quot;classic&quot;}\">\n\t\t\t\t\t\t<div class=\"elementor-container elementor-column-gap-wider\">\n\t\t\t\t\t<div class=\"elementor-column elementor-col-100 elementor-top-column elementor-element elementor-element-bb7eac9\" data-id=\"bb7eac9\" data-element_type=\"column\" data-e-type=\"column\">\n\t\t\t<div class=\"elementor-widget-wrap elementor-element-populated\">\n\t\t\t\t\t\t<section class=\"elementor-section elementor-inner-section elementor-element elementor-element-16d1897 elementor-reverse-mobile elementor-section-boxed elementor-section-height-default elementor-section-height-default\" data-id=\"16d1897\" data-element_type=\"section\" data-e-type=\"section\">\n\t\t\t\t\t\t<div class=\"elementor-container elementor-column-gap-default\">\n\t\t\t\t\t<div class=\"elementor-column elementor-col-100 elementor-inner-column elementor-element elementor-element-0f05954\" data-id=\"0f05954\" data-element_type=\"column\" data-e-type=\"column\" data-settings=\"{&quot;background_background&quot;:&quot;classic&quot;}\">\n\t\t\t<div class=\"elementor-widget-wrap elementor-element-populated\">\n\t\t\t\t\t\t<div class=\"elementor-element elementor-element-4d4ef4a elementor-widget elementor-widget-heading\" data-id=\"4d4ef4a\" data-element_type=\"widget\" data-e-type=\"widget\" data-widget_type=\"heading.default\">\n\t\t\t\t<div class=\"elementor-widget-container\">\n\t\t\t\t\t<h3 class=\"elementor-heading-title elementor-size-default\">How to get to Eth Bordac ?<\/h3>\t\t\t\t<\/div>\n\t\t\t\t<\/div>\n\t\t\t\t<div class=\"elementor-element elementor-element-f1a71d4 elementor-widget elementor-widget-heading\" data-id=\"f1a71d4\" data-element_type=\"widget\" data-e-type=\"widget\" data-widget_type=\"heading.default\">\n\t\t\t\t<div class=\"elementor-widget-container\">\n\t\t\t\t\t<p class=\"elementor-heading-title elementor-size-default\">Eth Bordac is located in Cazeaux de Larboust municipality, approx. a 90 minutes\u2019 drive from Toulouse, one hour from Tarbes, and 10 minutes from Bagn\u00e8res de Luchon.<br>If you fly to Toulouse, it makes most sense to hire a car and drive to Eth Bordac (140 km). You are then freer to explore the area as you like.<\/p>\t\t\t\t<\/div>\n\t\t\t\t<\/div>\n\t\t\t\t<div class=\"elementor-element elementor-element-37a76ae elementor-widget elementor-widget-mfn_faq\" data-id=\"37a76ae\" data-element_type=\"widget\" data-e-type=\"widget\" data-widget_type=\"mfn_faq.default\">\n\t\t\t\t<div class=\"elementor-widget-container\">\n\t\t\t\t\t<div class=\"faq\"><div class=\"mfn-acc faq_wrapper \"><div class=\"question\" tabindex=\"0\" role=\"button\"><div class=\"title\"><span class=\"num\">1<\/span><i class=\"icon-plus acc-icon-plus\" aria-hidden=\"true\"><\/i><i class=\"icon-minus acc-icon-minus\" aria-hidden=\"true\"><\/i>Travel by plane<\/div><div class=\"answer\"><p>There are many direct flights from several international airports to Toulouse-Blagnac Airport, in addition to daily flights from the largest cities in France.<\/p><p>L\u2019a\u00e9roport de Toulouse-Blagnac n\u2019est qu\u2019\u00e0 14o km. Les vols directs de Paris en 1h30 et depuis Londres en 2h sont r\u00e9guliers. Si vous prenez un vol jusqu\u2019\u00e0 Toulouse il sera plus judicieux de louer une voiture, rouler jusqu\u2019\u00e0 Eth Bordac (140km) ainsi vous serez libres de d\u00e9couvrir la r\u00e9gion \u00e0 votre guise.<\/p><\/div><\/div>\n<div class=\"question\" tabindex=\"0\" role=\"button\"><div class=\"title\"><span class=\"num\">2<\/span><i class=\"icon-plus acc-icon-plus\" aria-hidden=\"true\"><\/i><i class=\"icon-minus acc-icon-minus\" aria-hidden=\"true\"><\/i>Travel by car<\/div><div class=\"answer\"><p>If you are traveling by car there is, of course, several alternatives, depending on what is your starting point. Here are some examples:<\/p><p><strong>Toulouse-Cazeaux de Larboust, Eth Bordac<\/strong><br \/><strong>Toulouse-St Gaudens-Montr\u00e9jeau-Cazeaux de Larboust<\/strong><br \/>Distance: 147Km \u2013 Via A-64<br \/>Duration: about 1h40<br \/>Google Maps<br \/><a href=\"https:\/\/goo.gl\/maps\/HAo3m\">https:\/\/goo.gl\/maps\/HAo3m<\/a><\/p><p><strong>Barcelona- Cazeaux de Larboust, Eth Bordac<\/strong><br \/>Distance:\u00a0 345 km\u00a0\u2013 Via A-2<br \/>Duration: about 4 hours 30 min<br \/><a href=\"https:\/\/goo.gl\/maps\/fxQCz\">https:\/\/goo.gl\/maps\/fxQCz<\/a><\/p><\/div><\/div>\n<div class=\"question\" tabindex=\"0\" role=\"button\"><div class=\"title\"><span class=\"num\">3<\/span><i class=\"icon-plus acc-icon-plus\" aria-hidden=\"true\"><\/i><i class=\"icon-minus acc-icon-minus\" aria-hidden=\"true\"><\/i>Travel by train<\/div><div class=\"answer\"><p><strong>Toulouse- Montr\u00e9jeau-Bagn\u00e8res de Luchon<\/strong><br \/>Duration: about 2 hours<br \/>Operator: Sncf<\/p><p><strong>Paris \u2013 Toulouse Matabiau<\/strong><br \/>Duration: about 6h12 \u2013 Via Bordeaux<br \/>Operator: Sncf<\/p><\/div><\/div>\n<\/div><\/div>\n\t\t\t\t<\/div>\n\t\t\t\t<\/div>\n\t\t\t\t\t<\/div>\n\t\t<\/div>\n\t\t\t\t\t<\/div>\n\t\t<\/section>\n\t\t\t\t\t<\/div>\n\t\t<\/div>\n\t\t\t\t\t<\/div>\n\t\t<\/section>\n\t\t\t\t<section class=\"elementor-section elementor-top-section elementor-element elementor-element-6d4ddcd elementor-section-stretched elementor-section-boxed elementor-section-height-default elementor-section-height-default\" data-id=\"6d4ddcd\" data-element_type=\"section\" data-e-type=\"section\" data-settings=\"{&quot;stretch_section&quot;:&quot;section-stretched&quot;,&quot;background_background&quot;:&quot;classic&quot;}\">\n\t\t\t\t\t\t<div class=\"elementor-container elementor-column-gap-wider\">\n\t\t\t\t\t<div class=\"elementor-column elementor-col-100 elementor-top-column elementor-element elementor-element-0ad2def\" data-id=\"0ad2def\" data-element_type=\"column\" data-e-type=\"column\">\n\t\t\t<div class=\"elementor-widget-wrap elementor-element-populated\">\n\t\t\t\t\t\t<section class=\"elementor-section elementor-inner-section elementor-element elementor-element-4fa6605 elementor-reverse-mobile elementor-section-boxed elementor-section-height-default elementor-section-height-default\" data-id=\"4fa6605\" data-element_type=\"section\" data-e-type=\"section\">\n\t\t\t\t\t\t<div class=\"elementor-container elementor-column-gap-default\">\n\t\t\t\t\t<div class=\"elementor-column elementor-col-100 elementor-inner-column elementor-element elementor-element-be3881f\" data-id=\"be3881f\" data-element_type=\"column\" data-e-type=\"column\" data-settings=\"{&quot;background_background&quot;:&quot;classic&quot;}\">\n\t\t\t<div class=\"elementor-widget-wrap elementor-element-populated\">\n\t\t\t\t\t\t<div class=\"elementor-element elementor-element-ab9a54b elementor-widget elementor-widget-heading\" data-id=\"ab9a54b\" data-element_type=\"widget\" data-e-type=\"widget\" data-widget_type=\"heading.default\">\n\t\t\t\t<div class=\"elementor-widget-container\">\n\t\t\t\t\t<h3 class=\"elementor-heading-title elementor-size-default\">Booking Rates &amp; Facilities<\/h3>\t\t\t\t<\/div>\n\t\t\t\t<\/div>\n\t\t\t\t<div class=\"elementor-element elementor-element-874c586 elementor-widget elementor-widget-heading\" data-id=\"874c586\" data-element_type=\"widget\" data-e-type=\"widget\" data-widget_type=\"heading.default\">\n\t\t\t\t<div class=\"elementor-widget-container\">\n\t\t\t\t\t<p class=\"elementor-heading-title elementor-size-default\">Our houses to rent in the French Pyrenees are available all year.\n\u201cEth Bordac\u201d sleeps up to eight guests and \u201cBordac Petit\u201d up to 2.\nRent Eth Bordac and Bordac Petit separately, or both, and the place will then become a great family or friends alike vacation spot for 10.\n<\/p>\t\t\t\t<\/div>\n\t\t\t\t<\/div>\n\t\t\t\t<div class=\"elementor-element elementor-element-a4cf2b6 elementor-widget elementor-widget-mfn_faq\" data-id=\"a4cf2b6\" data-element_type=\"widget\" data-e-type=\"widget\" data-widget_type=\"mfn_faq.default\">\n\t\t\t\t<div class=\"elementor-widget-container\">\n\t\t\t\t\t<div class=\"faq\"><div class=\"mfn-acc faq_wrapper \"><div class=\"question\" tabindex=\"0\" role=\"button\"><div class=\"title\"><span class=\"num\">1<\/span><i class=\"icon-plus acc-icon-plus\" aria-hidden=\"true\"><\/i><i class=\"icon-minus acc-icon-minus\" aria-hidden=\"true\"><\/i>Special requests<\/div><div class=\"answer\"><p>For special requests, like \u201ctailor made\u201d stays, feel free to contact us and we will answer within 24 hours.<\/p><p>Do you wish to book both houses? Feel free to contact us for a special quote or click here for more information.<\/p><\/div><\/div>\n<div class=\"question\" tabindex=\"0\" role=\"button\"><div class=\"title\"><span class=\"num\">2<\/span><i class=\"icon-plus acc-icon-plus\" aria-hidden=\"true\"><\/i><i class=\"icon-minus acc-icon-minus\" aria-hidden=\"true\"><\/i>Arrival &amp; Departure Times<\/div><div class=\"answer\"><p>Whether you need to arrive early, or late, we can handle it.<br \/>What time can we arrive? And, for that matter, depart?<\/p><p>Standard arrival is from 18:00.<br \/>Standard departure is any time before 10:00<\/p><\/div><\/div>\n<div class=\"question\" tabindex=\"0\" role=\"button\"><div class=\"title\"><span class=\"num\">3<\/span><i class=\"icon-plus acc-icon-plus\" aria-hidden=\"true\"><\/i><i class=\"icon-minus acc-icon-minus\" aria-hidden=\"true\"><\/i>Do we need to bring any form of identification?<\/div><div class=\"answer\"><p>Yes, the lead guest will have to, so we can check their details against the booking record, and make sure it is their credit or debit card that will be pre-authorised or cheque released.<\/p><\/div><\/div>\n<div class=\"question\" tabindex=\"0\" role=\"button\"><div class=\"title\"><span class=\"num\">4<\/span><i class=\"icon-plus acc-icon-plus\" aria-hidden=\"true\"><\/i><i class=\"icon-minus acc-icon-minus\" aria-hidden=\"true\"><\/i>Do you need to take a security deposit for our stay?<\/div><div class=\"answer\"><p>Yes. On arrival we will either pre-authorise a credit\/debit card or request a cheque (French citizens) or cash.<br \/>We hold the amount until we confirm that no damage was caused during your stay. And once you depart, if we find any damage, we\u2019ll get in touch immediately.<br \/>If you do damage anything it\u2019s always best to let us know before you leave.<\/p><\/div><\/div>\n<div class=\"question\" tabindex=\"0\" role=\"button\"><div class=\"title\"><span class=\"num\">5<\/span><i class=\"icon-plus acc-icon-plus\" aria-hidden=\"true\"><\/i><i class=\"icon-minus acc-icon-minus\" aria-hidden=\"true\"><\/i>What about our security deposit? How do we get it back?<\/div><div class=\"answer\"><p>Once you\u2019ve departed, our team come round to check the home for any damage and to prepare it for the next booking.<br \/>We will release the hold within five days after your departure, but it can take your bank longer to process the request.<\/p><\/div><\/div>\n<div class=\"question\" tabindex=\"0\" role=\"button\"><div class=\"title\"><span class=\"num\">6<\/span><i class=\"icon-plus acc-icon-plus\" aria-hidden=\"true\"><\/i><i class=\"icon-minus acc-icon-minus\" aria-hidden=\"true\"><\/i>How do you deal with breakages?<\/div><div class=\"answer\"><p>Because we want our guests and members to trust each other, we want you to \u2019fess up\u201d to any damage, inadvertent or otherwise.<br \/>We do a thorough check of the home after each stay. If we do find damage, we\u2019ll get in touch with you before accessing the pre-authorised funds.<\/p><\/div><\/div>\n<div class=\"question\" tabindex=\"0\" role=\"button\"><div class=\"title\"><span class=\"num\">7<\/span><i class=\"icon-plus acc-icon-plus\" aria-hidden=\"true\"><\/i><i class=\"icon-minus acc-icon-minus\" aria-hidden=\"true\"><\/i>Cancellation policies<\/div><div class=\"answer\"><p>If you can\u2019t make it according to your booking, we would like to know a month in advance.<br \/>If you cancel later than thirty days before, deposit fee will be due and cancellation fees applied according to the terms of the signed contract.<br \/>If you don\u2019t turn up as agreed, you must pay the entire amount of the stay.<br \/>Of course we will do our best to find someone else for the house so that you will not incur the costs. However, we reserve the right to charge you, should we be unable to find a replacement.<\/p><p>We kindly remind you that all formalities should be notified and confirmed by e-mail.<\/p><\/div><\/div>\n<\/div><\/div>\n\t\t\t\t<\/div>\n\t\t\t\t<\/div>\n\t\t\t\t\t<\/div>\n\t\t<\/div>\n\t\t\t\t\t<\/div>\n\t\t<\/section>\n\t\t\t\t\t<\/div>\n\t\t<\/div>\n\t\t\t\t\t<\/div>\n\t\t<\/section>\n\t\t\t\t<\/div>\n\t\t","protected":false},"excerpt":{"rendered":"<p>Everything you need to know about renting our two &#8220;vacation homes&#8221;! Toulouse Blagnac airport is only at 140km. Direct flights from London take two hours, and<span class=\"excerpt-hellip\"> [\u2026]<\/span><\/p>\n","protected":false},"author":1,"featured_media":0,"parent":0,"menu_order":0,"comment_status":"open","ping_status":"closed","template":"","meta":{"footnotes":""},"class_list":["post-1519","page","type-page","status-publish","hentry"],"yoast_head":"<!-- This site is optimized with the Yoast SEO plugin v27.1.1 - https:\/\/yoast.com\/product\/yoast-seo-wordpress\/ -->\n<title>Useful information - Maisons Eth Bordac<\/title>\n<meta name=\"robots\" content=\"index, follow, max-snippet:-1, max-image-preview:large, max-video-preview:-1\" \/>\n<link rel=\"canonical\" href=\"https:\/\/www.ethbordac.com\/infos-pratiques\/\" \/>\n<meta property=\"og:locale\" content=\"en_US\" \/>\n<meta property=\"og:type\" content=\"article\" \/>\n<meta property=\"og:title\" content=\"Useful information - Maisons Eth Bordac\" \/>\n<meta property=\"og:description\" content=\"Everything you need to know about renting our two &#8220;vacation homes&#8221;! Toulouse Blagnac airport is only at 140km. Direct flights from London take two hours, and [\u2026]\" \/>\n<meta property=\"og:url\" content=\"https:\/\/www.ethbordac.com\/infos-pratiques\/\" \/>\n<meta property=\"og:site_name\" content=\"Maisons Eth Bordac\" \/>\n<meta property=\"article:modified_time\" content=\"2025-01-15T12:17:35+00:00\" \/>\n<meta name=\"twitter:card\" content=\"summary_large_image\" \/>\n<meta name=\"twitter:label1\" content=\"Est. reading time\" \/>\n\t<meta name=\"twitter:data1\" content=\"4 minutes\" \/>\n<script type=\"application\/ld+json\" class=\"yoast-schema-graph\">{\"@context\":\"https:\/\/schema.org\",\"@graph\":[{\"@type\":\"WebPage\",\"@id\":\"https:\/\/www.ethbordac.com\/infos-pratiques\/\",\"url\":\"https:\/\/www.ethbordac.com\/infos-pratiques\/\",\"name\":\"Useful information - Maisons Eth Bordac\",\"isPartOf\":{\"@id\":\"https:\/\/www.ethbordac.com\/#website\"},\"datePublished\":\"2024-11-13T16:56:40+00:00\",\"dateModified\":\"2025-01-15T12:17:35+00:00\",\"breadcrumb\":{\"@id\":\"https:\/\/www.ethbordac.com\/infos-pratiques\/#breadcrumb\"},\"inLanguage\":\"en-US\",\"potentialAction\":[{\"@type\":\"ReadAction\",\"target\":[\"https:\/\/www.ethbordac.com\/infos-pratiques\/\"]}]},{\"@type\":\"BreadcrumbList\",\"@id\":\"https:\/\/www.ethbordac.com\/infos-pratiques\/#breadcrumb\",\"itemListElement\":[{\"@type\":\"ListItem\",\"position\":1,\"name\":\"Accueil\",\"item\":\"https:\/\/www.ethbordac.com\/\"},{\"@type\":\"ListItem\",\"position\":2,\"name\":\"Useful information\"}]},{\"@type\":\"WebSite\",\"@id\":\"https:\/\/www.ethbordac.com\/#website\",\"url\":\"https:\/\/www.ethbordac.com\/\",\"name\":\"Maisons Eth Bordac\",\"description\":\"Location maisons de vacances dans les Pyr\u00e9n\u00e9es pr\u00e8s de Peyragudes et Luchon\",\"potentialAction\":[{\"@type\":\"SearchAction\",\"target\":{\"@type\":\"EntryPoint\",\"urlTemplate\":\"https:\/\/www.ethbordac.com\/?s={search_term_string}\"},\"query-input\":{\"@type\":\"PropertyValueSpecification\",\"valueRequired\":true,\"valueName\":\"search_term_string\"}}],\"inLanguage\":\"en-US\"}]}<\/script>\n<!-- \/ Yoast SEO plugin. -->","yoast_head_json":{"title":"Useful information - Maisons Eth Bordac","robots":{"index":"index","follow":"follow","max-snippet":"max-snippet:-1","max-image-preview":"max-image-preview:large","max-video-preview":"max-video-preview:-1"},"canonical":"https:\/\/www.ethbordac.com\/infos-pratiques\/","og_locale":"en_US","og_type":"article","og_title":"Useful information - Maisons Eth Bordac","og_description":"Everything you need to know about renting our two &#8220;vacation homes&#8221;! Toulouse Blagnac airport is only at 140km. Direct flights from London take two hours, and [\u2026]","og_url":"https:\/\/www.ethbordac.com\/infos-pratiques\/","og_site_name":"Maisons Eth Bordac","article_modified_time":"2025-01-15T12:17:35+00:00","twitter_card":"summary_large_image","twitter_misc":{"Est. reading time":"4 minutes"},"schema":{"@context":"https:\/\/schema.org","@graph":[{"@type":"WebPage","@id":"https:\/\/www.ethbordac.com\/infos-pratiques\/","url":"https:\/\/www.ethbordac.com\/infos-pratiques\/","name":"Useful information - Maisons Eth Bordac","isPartOf":{"@id":"https:\/\/www.ethbordac.com\/#website"},"datePublished":"2024-11-13T16:56:40+00:00","dateModified":"2025-01-15T12:17:35+00:00","breadcrumb":{"@id":"https:\/\/www.ethbordac.com\/infos-pratiques\/#breadcrumb"},"inLanguage":"en-US","potentialAction":[{"@type":"ReadAction","target":["https:\/\/www.ethbordac.com\/infos-pratiques\/"]}]},{"@type":"BreadcrumbList","@id":"https:\/\/www.ethbordac.com\/infos-pratiques\/#breadcrumb","itemListElement":[{"@type":"ListItem","position":1,"name":"Accueil","item":"https:\/\/www.ethbordac.com\/"},{"@type":"ListItem","position":2,"name":"Useful information"}]},{"@type":"WebSite","@id":"https:\/\/www.ethbordac.com\/#website","url":"https:\/\/www.ethbordac.com\/","name":"Maisons Eth Bordac","description":"Location maisons de vacances dans les Pyr\u00e9n\u00e9es pr\u00e8s de Peyragudes et Luchon","potentialAction":[{"@type":"SearchAction","target":{"@type":"EntryPoint","urlTemplate":"https:\/\/www.ethbordac.com\/?s={search_term_string}"},"query-input":{"@type":"PropertyValueSpecification","valueRequired":true,"valueName":"search_term_string"}}],"inLanguage":"en-US"}]}},"_links":{"self":[{"href":"https:\/\/www.ethbordac.com\/en\/wp-json\/wp\/v2\/pages\/1519","targetHints":{"allow":["GET"]}}],"collection":[{"href":"https:\/\/www.ethbordac.com\/en\/wp-json\/wp\/v2\/pages"}],"about":[{"href":"https:\/\/www.ethbordac.com\/en\/wp-json\/wp\/v2\/types\/page"}],"author":[{"embeddable":true,"href":"https:\/\/www.ethbordac.com\/en\/wp-json\/wp\/v2\/users\/1"}],"replies":[{"embeddable":true,"href":"https:\/\/www.ethbordac.com\/en\/wp-json\/wp\/v2\/comments?post=1519"}],"version-history":[{"count":14,"href":"https:\/\/www.ethbordac.com\/en\/wp-json\/wp\/v2\/pages\/1519\/revisions"}],"predecessor-version":[{"id":1962,"href":"https:\/\/www.ethbordac.com\/en\/wp-json\/wp\/v2\/pages\/1519\/revisions\/1962"}],"wp:attachment":[{"href":"https:\/\/www.ethbordac.com\/en\/wp-json\/wp\/v2\/media?parent=1519"}],"curies":[{"name":"wp","href":"https:\/\/api.w.org\/{rel}","templated":true}]}}