{"id":1489,"date":"2022-10-04T09:25:25","date_gmt":"2022-10-04T07:25:25","guid":{"rendered":"https:\/\/www.ethbordac.com\/news\/"},"modified":"2025-01-15T14:15:42","modified_gmt":"2025-01-15T13:15:42","slug":"news","status":"publish","type":"page","link":"https:\/\/www.ethbordac.com\/en\/news\/","title":{"rendered":"News"},"content":{"rendered":"\t\t<div data-elementor-type=\"wp-page\" data-elementor-id=\"1489\" class=\"elementor elementor-1489 elementor-43\" data-elementor-post-type=\"page\">\n\t\t\t\t\t\t<section class=\"elementor-section elementor-top-section elementor-element elementor-element-4b393f0 elementor-section-stretched elementor-section-boxed elementor-section-height-default elementor-section-height-default\" data-id=\"4b393f0\" data-element_type=\"section\" data-e-type=\"section\" data-settings=\"{&quot;stretch_section&quot;:&quot;section-stretched&quot;,&quot;background_background&quot;:&quot;classic&quot;}\">\n\t\t\t\t\t\t<div class=\"elementor-container elementor-column-gap-wider\">\n\t\t\t\t\t<div class=\"elementor-column elementor-col-100 elementor-top-column elementor-element elementor-element-0952129\" data-id=\"0952129\" data-element_type=\"column\" data-e-type=\"column\">\n\t\t\t<div class=\"elementor-widget-wrap elementor-element-populated\">\n\t\t\t\t\t\t<section class=\"elementor-section elementor-inner-section elementor-element elementor-element-9f4c806 elementor-section-boxed elementor-section-height-default elementor-section-height-default\" data-id=\"9f4c806\" data-element_type=\"section\" data-e-type=\"section\">\n\t\t\t\t\t\t<div class=\"elementor-container elementor-column-gap-default\">\n\t\t\t\t\t<div class=\"elementor-column elementor-col-100 elementor-inner-column elementor-element elementor-element-ef1427b\" data-id=\"ef1427b\" data-element_type=\"column\" data-e-type=\"column\">\n\t\t\t<div class=\"elementor-widget-wrap elementor-element-populated\">\n\t\t\t\t\t\t<div class=\"elementor-element elementor-element-d320f96 elementor-widget elementor-widget-heading\" data-id=\"d320f96\" data-element_type=\"widget\" data-e-type=\"widget\" data-widget_type=\"heading.default\">\n\t\t\t\t<div class=\"elementor-widget-container\">\n\t\t\t\t\t<h1 class=\"elementor-heading-title elementor-size-default\">News and curiosities of the Pyrenees from Eth Bordac homes<\/h1>\t\t\t\t<\/div>\n\t\t\t\t<\/div>\n\t\t\t\t<div class=\"elementor-element elementor-element-67ad3db elementor-widget elementor-widget-spacer\" data-id=\"67ad3db\" data-element_type=\"widget\" data-e-type=\"widget\" data-widget_type=\"spacer.default\">\n\t\t\t\t<div class=\"elementor-widget-container\">\n\t\t\t\t\t\t\t<div class=\"elementor-spacer\">\n\t\t\t<div class=\"elementor-spacer-inner\"><\/div>\n\t\t<\/div>\n\t\t\t\t\t\t<\/div>\n\t\t\t\t<\/div>\n\t\t\t\t<div class=\"elementor-element elementor-element-bcba4cf elementor-widget elementor-widget-text-editor\" data-id=\"bcba4cf\" data-element_type=\"widget\" data-e-type=\"widget\" data-widget_type=\"text-editor.default\">\n\t\t\t\t<div class=\"elementor-widget-container\">\n\t\t\t\t\t\t\t\t\t<p>News and activities near Eth Bordac, gourmet outing ideas, presentation of local craftsmen, boutiques, decoration trends\u2026 get our secrets from here and there<\/p>\n\t\t\t\t\t\t\t\t<\/div>\n\t\t\t\t<\/div>\n\t\t\t\t\t<\/div>\n\t\t<\/div>\n\t\t\t\t\t<\/div>\n\t\t<\/section>\n\t\t\t\t\t<\/div>\n\t\t<\/div>\n\t\t\t\t\t<\/div>\n\t\t<\/section>\n\t\t\t\t<section class=\"elementor-section elementor-top-section elementor-element elementor-element-244f8a1 elementor-section-stretched elementor-section-boxed elementor-section-height-default elementor-section-height-default\" data-id=\"244f8a1\" data-element_type=\"section\" data-e-type=\"section\" data-settings=\"{&quot;stretch_section&quot;:&quot;section-stretched&quot;}\">\n\t\t\t\t\t\t<div class=\"elementor-container elementor-column-gap-wider\">\n\t\t\t\t\t<div class=\"elementor-column elementor-col-100 elementor-top-column elementor-element elementor-element-e544aa4\" data-id=\"e544aa4\" data-element_type=\"column\" data-e-type=\"column\">\n\t\t\t<div class=\"elementor-widget-wrap elementor-element-populated\">\n\t\t\t\t\t\t<section class=\"elementor-section elementor-inner-section elementor-element elementor-element-df492b2 elementor-section-boxed elementor-section-height-default elementor-section-height-default\" data-id=\"df492b2\" data-element_type=\"section\" data-e-type=\"section\">\n\t\t\t\t\t\t<div class=\"elementor-container elementor-column-gap-default\">\n\t\t\t\t\t<div class=\"elementor-column elementor-col-100 elementor-inner-column elementor-element elementor-element-a8a0251\" data-id=\"a8a0251\" data-element_type=\"column\" data-e-type=\"column\">\n\t\t\t<div class=\"elementor-widget-wrap elementor-element-populated\">\n\t\t\t\t\t\t<div class=\"elementor-element elementor-element-5970ef7 elementor-grid-1 elementor-posts--thumbnail-left elementor-grid-tablet-2 elementor-grid-mobile-1 elementor-widget elementor-widget-posts\" data-id=\"5970ef7\" data-element_type=\"widget\" data-e-type=\"widget\" data-settings=\"{&quot;classic_columns&quot;:&quot;1&quot;,&quot;classic_columns_tablet&quot;:&quot;2&quot;,&quot;classic_columns_mobile&quot;:&quot;1&quot;,&quot;classic_row_gap&quot;:{&quot;unit&quot;:&quot;px&quot;,&quot;size&quot;:35,&quot;sizes&quot;:[]},&quot;classic_row_gap_tablet&quot;:{&quot;unit&quot;:&quot;px&quot;,&quot;size&quot;:&quot;&quot;,&quot;sizes&quot;:[]},&quot;classic_row_gap_mobile&quot;:{&quot;unit&quot;:&quot;px&quot;,&quot;size&quot;:&quot;&quot;,&quot;sizes&quot;:[]}}\" data-widget_type=\"posts.classic\">\n\t\t\t\t<div class=\"elementor-widget-container\">\n\t\t\t\t\t\t\t<div class=\"elementor-posts-container elementor-posts elementor-posts--skin-classic elementor-grid\" role=\"list\">\n\t\t\t\t<article class=\"elementor-post elementor-grid-item post-1503 post type-post status-publish format-standard has-post-thumbnail hentry\" role=\"listitem\">\n\t\t\t\t<a class=\"elementor-post__thumbnail__link\" href=\"https:\/\/www.ethbordac.com\/en\/de-bonnes-adresses-de-restaurants-pour-profiter-pleinement-de-votre-sejour\/\" tabindex=\"-1\" >\n\t\t\t<div class=\"elementor-post__thumbnail\"><img fetchpriority=\"high\" decoding=\"async\" width=\"500\" height=\"363\" src=\"https:\/\/www.ethbordac.com\/wp-content\/uploads\/2024\/11\/bonnbes_adresses_cap-500x363.jpg\" class=\"attachment-medium size-medium wp-image-969\" alt=\"\" srcset=\"https:\/\/www.ethbordac.com\/wp-content\/uploads\/2024\/11\/bonnbes_adresses_cap-500x363.jpg 500w, https:\/\/www.ethbordac.com\/wp-content\/uploads\/2024\/11\/bonnbes_adresses_cap-300x218.jpg 300w, https:\/\/www.ethbordac.com\/wp-content\/uploads\/2024\/11\/bonnbes_adresses_cap-768x557.jpg 768w, https:\/\/www.ethbordac.com\/wp-content\/uploads\/2024\/11\/bonnbes_adresses_cap-103x75.jpg 103w, https:\/\/www.ethbordac.com\/wp-content\/uploads\/2024\/11\/bonnbes_adresses_cap-480x348.jpg 480w, https:\/\/www.ethbordac.com\/wp-content\/uploads\/2024\/11\/bonnbes_adresses_cap.jpg 800w\" sizes=\"(max-width:767px) 480px, 500px\" \/><\/div>\n\t\t<\/a>\n\t\t\t\t<div class=\"elementor-post__text\">\n\t\t\t\t<h3 class=\"elementor-post__title\">\n\t\t\t<a href=\"https:\/\/www.ethbordac.com\/en\/de-bonnes-adresses-de-restaurants-pour-profiter-pleinement-de-votre-sejour\/\" >\n\t\t\t\tDe bonnes adresses de restaurants pour profiter pleinement de votre s\u00e9jour\t\t\t<\/a>\n\t\t<\/h3>\n\t\t\t\t<div class=\"elementor-post__excerpt\">\n\t\t\t<p>Durant votre s\u00e9jour, n\u2019h\u00e9sitez pas \u00e0 profiter des bonnes tables de la r\u00e9gion dont vous trouverez les adresses sur notre site.<\/p>\n\t\t<\/div>\n\t\t\t\t<\/div>\n\t\t\t\t<\/article>\n\t\t\t\t<article class=\"elementor-post elementor-grid-item post-1501 post type-post status-publish format-standard has-post-thumbnail hentry\" role=\"listitem\">\n\t\t\t\t<a class=\"elementor-post__thumbnail__link\" href=\"https:\/\/www.ethbordac.com\/en\/leglise-sainte-anne-de-cazeaux-patrimoine-historique-et-culturel-a-preserver\/\" tabindex=\"-1\" >\n\t\t\t<div class=\"elementor-post__thumbnail\"><img decoding=\"async\" width=\"500\" height=\"340\" src=\"https:\/\/www.ethbordac.com\/wp-content\/uploads\/2024\/11\/000-709x580_2-500x340.jpg\" class=\"attachment-medium size-medium wp-image-960\" alt=\"\" srcset=\"https:\/\/www.ethbordac.com\/wp-content\/uploads\/2024\/11\/000-709x580_2-500x340.jpg 500w, https:\/\/www.ethbordac.com\/wp-content\/uploads\/2024\/11\/000-709x580_2-300x204.jpg 300w, https:\/\/www.ethbordac.com\/wp-content\/uploads\/2024\/11\/000-709x580_2-110x75.jpg 110w, https:\/\/www.ethbordac.com\/wp-content\/uploads\/2024\/11\/000-709x580_2-480x326.jpg 480w, https:\/\/www.ethbordac.com\/wp-content\/uploads\/2024\/11\/000-709x580_2.jpg 709w\" sizes=\"(max-width:767px) 480px, 500px\" \/><\/div>\n\t\t<\/a>\n\t\t\t\t<div class=\"elementor-post__text\">\n\t\t\t\t<h3 class=\"elementor-post__title\">\n\t\t\t<a href=\"https:\/\/www.ethbordac.com\/en\/leglise-sainte-anne-de-cazeaux-patrimoine-historique-et-culturel-a-preserver\/\" >\n\t\t\t\tL\u2019\u00e9glise Sainte-Anne de Cazeaux, patrimoine historique et culturel \u00e0 pr\u00e9server\t\t\t<\/a>\n\t\t<\/h3>\n\t\t\t\t<div class=\"elementor-post__excerpt\">\n\t\t\t<p>Les amateurs d\u2019art roman trouveront de quoi satisfaire leur curiosit\u00e9 en visitant l\u2019\u00e9glise Sainte-Anne de Cazeaux.<\/p>\n\t\t<\/div>\n\t\t\t\t<\/div>\n\t\t\t\t<\/article>\n\t\t\t\t<article class=\"elementor-post elementor-grid-item post-1499 post type-post status-publish format-standard has-post-thumbnail hentry\" role=\"listitem\">\n\t\t\t\t<a class=\"elementor-post__thumbnail__link\" href=\"https:\/\/www.ethbordac.com\/en\/maison-eth-bordac-cleaning-protocol\/\" tabindex=\"-1\" >\n\t\t\t<div class=\"elementor-post__thumbnail\"><img decoding=\"async\" width=\"500\" height=\"340\" src=\"https:\/\/www.ethbordac.com\/wp-content\/uploads\/2024\/11\/web-banner-1617-544-pool-3-800x544-1-500x340.png\" class=\"attachment-medium size-medium wp-image-944\" alt=\"\" srcset=\"https:\/\/www.ethbordac.com\/wp-content\/uploads\/2024\/11\/web-banner-1617-544-pool-3-800x544-1-500x340.png 500w, https:\/\/www.ethbordac.com\/wp-content\/uploads\/2024\/11\/web-banner-1617-544-pool-3-800x544-1-300x204.png 300w, https:\/\/www.ethbordac.com\/wp-content\/uploads\/2024\/11\/web-banner-1617-544-pool-3-800x544-1-768x522.png 768w, https:\/\/www.ethbordac.com\/wp-content\/uploads\/2024\/11\/web-banner-1617-544-pool-3-800x544-1-110x75.png 110w, https:\/\/www.ethbordac.com\/wp-content\/uploads\/2024\/11\/web-banner-1617-544-pool-3-800x544-1-480x326.png 480w, https:\/\/www.ethbordac.com\/wp-content\/uploads\/2024\/11\/web-banner-1617-544-pool-3-800x544-1.png 800w\" sizes=\"(max-width:767px) 480px, 500px\" \/><\/div>\n\t\t<\/a>\n\t\t\t\t<div class=\"elementor-post__text\">\n\t\t\t\t<h3 class=\"elementor-post__title\">\n\t\t\t<a href=\"https:\/\/www.ethbordac.com\/en\/maison-eth-bordac-cleaning-protocol\/\" >\n\t\t\t\tMaison Eth Bordac cleaning protocol\t\t\t<\/a>\n\t\t<\/h3>\n\t\t\t\t<div class=\"elementor-post__excerpt\">\n\t\t\t<p>At Eth Bordac we are aware of your safety and commit to high standards for cleaning.<\/p>\n\t\t<\/div>\n\t\t\t\t<\/div>\n\t\t\t\t<\/article>\n\t\t\t\t<article class=\"elementor-post elementor-grid-item post-1497 post type-post status-publish format-standard has-post-thumbnail hentry\" role=\"listitem\">\n\t\t\t\t<a class=\"elementor-post__thumbnail__link\" href=\"https:\/\/www.ethbordac.com\/en\/la-ferme-despiau-boutique-ou-l-art-de-vivre-a-la-montagne\/\" tabindex=\"-1\" >\n\t\t\t<div class=\"elementor-post__thumbnail\"><img loading=\"lazy\" decoding=\"async\" width=\"500\" height=\"363\" src=\"https:\/\/www.ethbordac.com\/wp-content\/uploads\/2022\/10\/logo-ferme-despiau-800x580-1-500x363.png\" class=\"attachment-medium size-medium wp-image-916\" alt=\"\" srcset=\"https:\/\/www.ethbordac.com\/wp-content\/uploads\/2022\/10\/logo-ferme-despiau-800x580-1-500x363.png 500w, https:\/\/www.ethbordac.com\/wp-content\/uploads\/2022\/10\/logo-ferme-despiau-800x580-1-300x218.png 300w, https:\/\/www.ethbordac.com\/wp-content\/uploads\/2022\/10\/logo-ferme-despiau-800x580-1-768x557.png 768w, https:\/\/www.ethbordac.com\/wp-content\/uploads\/2022\/10\/logo-ferme-despiau-800x580-1-103x75.png 103w, https:\/\/www.ethbordac.com\/wp-content\/uploads\/2022\/10\/logo-ferme-despiau-800x580-1-480x348.png 480w, https:\/\/www.ethbordac.com\/wp-content\/uploads\/2022\/10\/logo-ferme-despiau-800x580-1.png 800w\" sizes=\"(max-width:767px) 480px, 500px\" \/><\/div>\n\t\t<\/a>\n\t\t\t\t<div class=\"elementor-post__text\">\n\t\t\t\t<h3 class=\"elementor-post__title\">\n\t\t\t<a href=\"https:\/\/www.ethbordac.com\/en\/la-ferme-despiau-boutique-ou-l-art-de-vivre-a-la-montagne\/\" >\n\t\t\t\tLa Ferme d\u2019Espiau Boutique ou l\u2019 art de vivre \u00e0 la montagne !\t\t\t<\/a>\n\t\t<\/h3>\n\t\t\t\t<div class=\"elementor-post__excerpt\">\n\t\t\t<p>En mai 2019, Florence et St\u00e9phane ont repris avec succ\u00e8s cette belle boutique dont la renomm\u00e9e \u00e9tat d\u00e9j\u00e0 solide.<\/p>\n\t\t<\/div>\n\t\t\t\t<\/div>\n\t\t\t\t<\/article>\n\t\t\t\t<\/div>\n\t\t\n\t\t\t\t\t\t<\/div>\n\t\t\t\t<\/div>\n\t\t\t\t\t<\/div>\n\t\t<\/div>\n\t\t\t\t\t<\/div>\n\t\t<\/section>\n\t\t\t\t\t<\/div>\n\t\t<\/div>\n\t\t\t\t\t<\/div>\n\t\t<\/section>\n\t\t\t\t<\/div>\n\t\t","protected":false},"excerpt":{"rendered":"<p>News and curiosities of the Pyrenees from Eth Bordac homes News and activities near Eth Bordac, gourmet outing ideas, presentation of local craftsmen, boutiques, decoration trends\u2026<span class=\"excerpt-hellip\"> [\u2026]<\/span><\/p>\n","protected":false},"author":1,"featured_media":0,"parent":0,"menu_order":0,"comment_status":"open","ping_status":"closed","template":"","meta":{"footnotes":""},"class_list":["post-1489","page","type-page","status-publish","hentry"],"yoast_head":"<!-- This site is optimized with the Yoast SEO plugin v27.1.1 - https:\/\/yoast.com\/product\/yoast-seo-wordpress\/ -->\n<title>News - Maisons Eth Bordac<\/title>\n<meta name=\"robots\" content=\"index, follow, max-snippet:-1, max-image-preview:large, max-video-preview:-1\" \/>\n<link rel=\"canonical\" href=\"https:\/\/www.ethbordac.com\/actualites\/\" \/>\n<meta property=\"og:locale\" content=\"en_US\" \/>\n<meta property=\"og:type\" content=\"article\" \/>\n<meta property=\"og:title\" content=\"News - Maisons Eth Bordac\" \/>\n<meta property=\"og:description\" content=\"News and curiosities of the Pyrenees from Eth Bordac homes News and activities near Eth Bordac, gourmet outing ideas, presentation of local craftsmen, boutiques, decoration trends\u2026 [\u2026]\" \/>\n<meta property=\"og:url\" content=\"https:\/\/www.ethbordac.com\/actualites\/\" \/>\n<meta property=\"og:site_name\" content=\"Maisons Eth Bordac\" \/>\n<meta property=\"article:modified_time\" content=\"2025-01-15T13:15:42+00:00\" \/>\n<meta name=\"twitter:card\" content=\"summary_large_image\" \/>\n<script type=\"application\/ld+json\" class=\"yoast-schema-graph\">{\"@context\":\"https:\/\/schema.org\",\"@graph\":[{\"@type\":\"WebPage\",\"@id\":\"https:\/\/www.ethbordac.com\/actualites\/\",\"url\":\"https:\/\/www.ethbordac.com\/actualites\/\",\"name\":\"News - Maisons Eth Bordac\",\"isPartOf\":{\"@id\":\"https:\/\/www.ethbordac.com\/#website\"},\"datePublished\":\"2022-10-04T07:25:25+00:00\",\"dateModified\":\"2025-01-15T13:15:42+00:00\",\"breadcrumb\":{\"@id\":\"https:\/\/www.ethbordac.com\/actualites\/#breadcrumb\"},\"inLanguage\":\"en-US\",\"potentialAction\":[{\"@type\":\"ReadAction\",\"target\":[\"https:\/\/www.ethbordac.com\/actualites\/\"]}]},{\"@type\":\"BreadcrumbList\",\"@id\":\"https:\/\/www.ethbordac.com\/actualites\/#breadcrumb\",\"itemListElement\":[{\"@type\":\"ListItem\",\"position\":1,\"name\":\"Accueil\",\"item\":\"https:\/\/www.ethbordac.com\/\"},{\"@type\":\"ListItem\",\"position\":2,\"name\":\"News\"}]},{\"@type\":\"WebSite\",\"@id\":\"https:\/\/www.ethbordac.com\/#website\",\"url\":\"https:\/\/www.ethbordac.com\/\",\"name\":\"Maisons Eth Bordac\",\"description\":\"Location maisons de vacances dans les Pyr\u00e9n\u00e9es pr\u00e8s de Peyragudes et Luchon\",\"potentialAction\":[{\"@type\":\"SearchAction\",\"target\":{\"@type\":\"EntryPoint\",\"urlTemplate\":\"https:\/\/www.ethbordac.com\/?s={search_term_string}\"},\"query-input\":{\"@type\":\"PropertyValueSpecification\",\"valueRequired\":true,\"valueName\":\"search_term_string\"}}],\"inLanguage\":\"en-US\"}]}<\/script>\n<!-- \/ Yoast SEO plugin. -->","yoast_head_json":{"title":"News - Maisons Eth Bordac","robots":{"index":"index","follow":"follow","max-snippet":"max-snippet:-1","max-image-preview":"max-image-preview:large","max-video-preview":"max-video-preview:-1"},"canonical":"https:\/\/www.ethbordac.com\/actualites\/","og_locale":"en_US","og_type":"article","og_title":"News - Maisons Eth Bordac","og_description":"News and curiosities of the Pyrenees from Eth Bordac homes News and activities near Eth Bordac, gourmet outing ideas, presentation of local craftsmen, boutiques, decoration trends\u2026 [\u2026]","og_url":"https:\/\/www.ethbordac.com\/actualites\/","og_site_name":"Maisons Eth Bordac","article_modified_time":"2025-01-15T13:15:42+00:00","twitter_card":"summary_large_image","schema":{"@context":"https:\/\/schema.org","@graph":[{"@type":"WebPage","@id":"https:\/\/www.ethbordac.com\/actualites\/","url":"https:\/\/www.ethbordac.com\/actualites\/","name":"News - Maisons Eth Bordac","isPartOf":{"@id":"https:\/\/www.ethbordac.com\/#website"},"datePublished":"2022-10-04T07:25:25+00:00","dateModified":"2025-01-15T13:15:42+00:00","breadcrumb":{"@id":"https:\/\/www.ethbordac.com\/actualites\/#breadcrumb"},"inLanguage":"en-US","potentialAction":[{"@type":"ReadAction","target":["https:\/\/www.ethbordac.com\/actualites\/"]}]},{"@type":"BreadcrumbList","@id":"https:\/\/www.ethbordac.com\/actualites\/#breadcrumb","itemListElement":[{"@type":"ListItem","position":1,"name":"Accueil","item":"https:\/\/www.ethbordac.com\/"},{"@type":"ListItem","position":2,"name":"News"}]},{"@type":"WebSite","@id":"https:\/\/www.ethbordac.com\/#website","url":"https:\/\/www.ethbordac.com\/","name":"Maisons Eth Bordac","description":"Location maisons de vacances dans les Pyr\u00e9n\u00e9es pr\u00e8s de Peyragudes et Luchon","potentialAction":[{"@type":"SearchAction","target":{"@type":"EntryPoint","urlTemplate":"https:\/\/www.ethbordac.com\/?s={search_term_string}"},"query-input":{"@type":"PropertyValueSpecification","valueRequired":true,"valueName":"search_term_string"}}],"inLanguage":"en-US"}]}},"_links":{"self":[{"href":"https:\/\/www.ethbordac.com\/en\/wp-json\/wp\/v2\/pages\/1489","targetHints":{"allow":["GET"]}}],"collection":[{"href":"https:\/\/www.ethbordac.com\/en\/wp-json\/wp\/v2\/pages"}],"about":[{"href":"https:\/\/www.ethbordac.com\/en\/wp-json\/wp\/v2\/types\/page"}],"author":[{"embeddable":true,"href":"https:\/\/www.ethbordac.com\/en\/wp-json\/wp\/v2\/users\/1"}],"replies":[{"embeddable":true,"href":"https:\/\/www.ethbordac.com\/en\/wp-json\/wp\/v2\/comments?post=1489"}],"version-history":[{"count":11,"href":"https:\/\/www.ethbordac.com\/en\/wp-json\/wp\/v2\/pages\/1489\/revisions"}],"predecessor-version":[{"id":2112,"href":"https:\/\/www.ethbordac.com\/en\/wp-json\/wp\/v2\/pages\/1489\/revisions\/2112"}],"wp:attachment":[{"href":"https:\/\/www.ethbordac.com\/en\/wp-json\/wp\/v2\/media?parent=1489"}],"curies":[{"name":"wp","href":"https:\/\/api.w.org\/{rel}","templated":true}]}}