{"id":1225,"date":"2024-11-14T15:04:45","date_gmt":"2024-11-14T14:04:45","guid":{"rendered":"https:\/\/www.ethbordac.com\/politique-de-cookies\/"},"modified":"2024-12-06T13:31:59","modified_gmt":"2024-12-06T12:31:59","slug":"cookies-policy","status":"publish","type":"page","link":"https:\/\/www.ethbordac.com\/en\/cookies-policy\/","title":{"rendered":"Cookies policy"},"content":{"rendered":"\t\t<div data-elementor-type=\"wp-page\" data-elementor-id=\"1225\" class=\"elementor elementor-1225 elementor-1134\" data-elementor-post-type=\"page\">\n\t\t\t\t\t\t<section class=\"elementor-section elementor-top-section elementor-element elementor-element-0871cd9 elementor-section-stretched elementor-section-boxed elementor-section-height-default elementor-section-height-default\" data-id=\"0871cd9\" data-element_type=\"section\" data-e-type=\"section\" data-settings=\"{&quot;stretch_section&quot;:&quot;section-stretched&quot;,&quot;background_background&quot;:&quot;classic&quot;}\">\n\t\t\t\t\t\t<div class=\"elementor-container elementor-column-gap-wider\">\n\t\t\t\t\t<div class=\"elementor-column elementor-col-100 elementor-top-column elementor-element elementor-element-0b01de6\" data-id=\"0b01de6\" data-element_type=\"column\" data-e-type=\"column\">\n\t\t\t<div class=\"elementor-widget-wrap elementor-element-populated\">\n\t\t\t\t\t\t<section class=\"elementor-section elementor-inner-section elementor-element elementor-element-5253d01 elementor-section-boxed elementor-section-height-default elementor-section-height-default\" data-id=\"5253d01\" data-element_type=\"section\" data-e-type=\"section\">\n\t\t\t\t\t\t<div class=\"elementor-container elementor-column-gap-default\">\n\t\t\t\t\t<div class=\"elementor-column elementor-col-100 elementor-inner-column elementor-element elementor-element-9498abe\" data-id=\"9498abe\" data-element_type=\"column\" data-e-type=\"column\">\n\t\t\t<div class=\"elementor-widget-wrap elementor-element-populated\">\n\t\t\t\t\t\t\t<\/div>\n\t\t<\/div>\n\t\t\t\t\t<\/div>\n\t\t<\/section>\n\t\t\t\t\t<\/div>\n\t\t<\/div>\n\t\t\t\t\t<\/div>\n\t\t<\/section>\n\t\t\t\t<section class=\"elementor-section elementor-top-section elementor-element elementor-element-c4a2686 elementor-section-stretched elementor-section-boxed elementor-section-height-default elementor-section-height-default\" data-id=\"c4a2686\" data-element_type=\"section\" data-e-type=\"section\" data-settings=\"{&quot;stretch_section&quot;:&quot;section-stretched&quot;,&quot;background_background&quot;:&quot;classic&quot;}\">\n\t\t\t\t\t\t<div class=\"elementor-container elementor-column-gap-wider\">\n\t\t\t\t\t<div class=\"elementor-column elementor-col-100 elementor-top-column elementor-element elementor-element-0e1e4a9\" data-id=\"0e1e4a9\" data-element_type=\"column\" data-e-type=\"column\">\n\t\t\t<div class=\"elementor-widget-wrap elementor-element-populated\">\n\t\t\t\t\t\t<section class=\"elementor-section elementor-inner-section elementor-element elementor-element-dd6d702 elementor-section-boxed elementor-section-height-default elementor-section-height-default\" data-id=\"dd6d702\" data-element_type=\"section\" data-e-type=\"section\">\n\t\t\t\t\t\t<div class=\"elementor-container elementor-column-gap-default\">\n\t\t\t\t\t<div class=\"elementor-column elementor-col-100 elementor-inner-column elementor-element elementor-element-8215d07\" data-id=\"8215d07\" data-element_type=\"column\" data-e-type=\"column\" data-settings=\"{&quot;background_background&quot;:&quot;classic&quot;}\">\n\t\t\t<div class=\"elementor-widget-wrap elementor-element-populated\">\n\t\t\t\t\t\t<div class=\"elementor-element elementor-element-69ae8da elementor-widget elementor-widget-text-editor\" data-id=\"69ae8da\" data-element_type=\"widget\" data-e-type=\"widget\" data-widget_type=\"text-editor.default\">\n\t\t\t\t<div class=\"elementor-widget-container\">\n\t\t\t\t\t\t\t\t\t<p><strong>1.<\/strong> <strong>Politique concernant les cookies<\/strong><\/p>\n<p>Un cookie est un t\u00e9moin de connexion c\u2019est-\u00e0-dire un fichier texte susceptible d\u2019\u00eatre enregistr\u00e9 dans un espace d\u00e9di\u00e9 du disque dur de votre Terminal, \u00e0 l\u2019occasion de la consultation d\u2019un site Internet. Un cookie permet \u00e0 son \u00e9metteur d\u2019identifier le Terminal dans lequel il est enregistr\u00e9, pendant la dur\u00e9e de validit\u00e9 ou d\u2019enregistrement du cookie. <\/p>\n<p>Lors de la consultation du Site, des informations relatives \u00e0 la navigation de votre Terminal (ordinateur, tablette, smartphone, etc.) sont susceptibles d\u2019\u00eatre enregistr\u00e9es \u00e0 travers des cookies install\u00e9s sur votre Terminal, sous r\u00e9serve des choix que vous aurez exprim\u00e9s concernant les cookies et que vous pouvez modifier \u00e0 tout moment.<\/p>\n<p>A quoi servent les cookies \u00e9mis sur notre Site ?<\/p>\n<p>Seul l\u2019\u00e9metteur d\u2019un cookie est susceptible de lire ou de modifier des informations qui y sont contenues.<\/p>\n<p>Lorsque vous vous connectez au Site, le Responsable de traitement peut \u00eatre amen\u00e9, sous r\u00e9serve de vos choix, \u00e0 installer divers cookies sur votre Terminal permettant de reconna\u00eetre le navigateur de votre Terminal pendant la dur\u00e9e de validit\u00e9 du cookie concern\u00e9. Les cookies que nous \u00e9mettons sont utilis\u00e9s aux fins d\u00e9crites ci-apr\u00e8s. <\/p>\n<p>Les cookies que nous \u00e9mettons nous permettent :<\/p>\n<p>\u00b7 de mener des \u00e9tudes et d\u2019\u00e9tablir des statistiques et volumes de fr\u00e9quentation et d\u2019utilisation des divers \u00e9l\u00e9ments composant notre Site (rubriques et contenus visit\u00e9s, parcours), permettant au Responsable de traitement d\u2019am\u00e9liorer l\u2019int\u00e9r\u00eat et l\u2019ergonomie de ses services ;<br \/>\u00b7 d\u2019adapter la pr\u00e9sentation du Site aux pr\u00e9f\u00e9rences d\u2019affichage de votre Terminal (langue utilis\u00e9e, r\u00e9solution d\u2019affichage, syst\u00e8me d\u2019exploitation utilis\u00e9, etc.) lors de vos visites sur le Site, selon les mat\u00e9riels et les logiciels de visualisation ou de lecture que votre Terminal comporte ; et<br \/>\u00b7 de mettre en \u0153uvre des mesures de s\u00e9curit\u00e9, par exemple lorsqu\u2019il vous est demand\u00e9 de vous connecter \u00e0 nouveau \u00e0 un contenu ou \u00e0 un service apr\u00e8s un certain laps de temps.<\/p>\n<p><strong>1.2. Vos choix concernant les cookies <\/strong><\/p>\n<p>Plusieurs possibilit\u00e9s vous sont offertes pour g\u00e9rer les cookies. Tout param\u00e9trage que vous pouvez entreprendre sera susceptible de modifier votre navigation sur Internet et vos conditions d\u2019acc\u00e8s \u00e0 certains services n\u00e9cessitant l\u2019utilisation de cookies. <\/p>\n<p>Vous pouvez faire le choix \u00e0 tout moment d\u2019exprimer et de modifier vos souhaits en mati\u00e8re de cookies, par les moyens d\u00e9crits ci-dessous.<\/p>\n<p>Vous pouvez notamment configurer votre logiciel de navigation de mani\u00e8re \u00e0 ce que des cookies soient enregistr\u00e9s sur votre Terminal ou, au contraire, qu\u2019ils soient rejet\u00e9s, soit syst\u00e9matiquement, soit selon leur \u00e9metteur.<\/p>\n<p>Vous pouvez \u00e9galement configurer votre logiciel de navigation de mani\u00e8re \u00e0 ce que l\u2019acceptation ou le refus des cookies vous soient propos\u00e9s ponctuellement, avant qu\u2019un cookie soit susceptible d\u2019\u00eatre enregistr\u00e9 sur votre Terminal. Pour plus d\u2019informations, consultez la rubrique<br \/>Comment exercer vos choix, selon le navigateur que vous utilisez ?&#8221; \u00e0 l\u2019Article 4.2.3. ci-apr\u00e8s.  <\/p>\n<p><strong>1.2.1. L\u2019accord sur les cookies <\/strong><\/p>\n<p>L\u2019enregistrement d\u2019un cookie sur un Terminal est essentiellement subordonn\u00e9 \u00e0 la volont\u00e9 de l\u2019utilisateur du Terminal, que celui-ci peut exprimer et modifier \u00e0 tout moment et gratuitement \u00e0 travers les choix qui lui sont offerts par son logiciel de navigation.<\/p>\n<p>Si vous avez accept\u00e9 dans votre logiciel de navigation l\u2019enregistrement de cookies dans votre Terminal, les cookies int\u00e9gr\u00e9s dans les pages et contenus que vous avez consult\u00e9s pourront \u00eatre stock\u00e9s temporairement dans un espace d\u00e9di\u00e9 de votre Terminal. Ils y seront lisibles uniquement par leur \u00e9metteur. <\/p>\n<p><strong>1.2.2. Le refus des cookies <\/strong><\/p>\n<p>Si vous refusez l\u2019enregistrement de cookies sur votre Terminal, ou si vous supprimez ceux qui y sont d\u2019ores et d\u00e9j\u00e0 enregistr\u00e9s, la qualit\u00e9 du fonctionnement des services propos\u00e9s par le Site ne sera pas d\u00e9grad\u00e9e.<\/p>\n<p>N\u00e9anmoins vous ne pourrez plus b\u00e9n\u00e9ficier d\u2019un certain nombre de fonctionnalit\u00e9s qui peuvent \u00eatre n\u00e9cessaires pour naviguer dans certains espaces du Site. Tel serait le cas si vous tentiez d\u2019acc\u00e9der aux contenus ou services pour lesquels l\u2019implantation de cookies est strictement n\u00e9cessaire (ex :r\u00e9servation d\u2019un s\u00e9jour). Tel serait \u00e9galement le cas lorsque le Responsable de traitement -ou ses prestataires- ne pourrait pas reconna\u00eetre, \u00e0 des fins de compatibilit\u00e9 technique, le type de navigateur utilis\u00e9 par votre Terminal, ses param\u00e8tres de langue et d\u2019affichage ou le pays depuis lequel votre Terminal semble connect\u00e9 \u00e0 Internet.  <\/p>\n<p>Le cas \u00e9ch\u00e9ant, le Responsable de traitement d\u00e9cline toute responsabilit\u00e9 relative aux cons\u00e9quences li\u00e9es au fonctionnement de ses services r\u00e9sultant de l\u2019impossibilit\u00e9 pour elle d\u2019enregistrer ou de consulter les cookies n\u00e9cessaires \u00e0 leur fonctionnement et que vous auriez refus\u00e9s ou supprim\u00e9s.<\/p>\n<p>Nous vous pr\u00e9cisons que certains cookies ne peuvent \u00eatre supprim\u00e9s dans la mesure o\u00f9 ils sont strictement n\u00e9cessairement au fonctionnement technique du Site.<\/p>\n<p><strong>1.2.3. Comment exercer vos choix, selon le navigateur que vous utilisez ? <\/strong><\/p>\n<p>Pour la gestion des cookies et de vos choix, la configuration de chaque navigateur est diff\u00e9rente. Elle est d\u00e9crite dans le menu d\u2019aide de votre navigateur qui vous permettra de savoir de quelle mani\u00e8re modifier vos souhaits en mati\u00e8re de cookies. <\/p>\n<p>\u00b7 Pour Internet Explorer :http:\/\/windows.microsoft.com\/fr-FR\/windows-vista\/Block-or-allow-cookies<\/p>\n<p>\u00b7 Pour Safari :https:\/\/support.apple.com\/en-gb\/guide\/safari\/sfri11471\/mac<\/p>\n<p>\u00b7 Pour Google Chrome :http:\/\/support.google.com\/chrome\/bin\/answer.py?hl=fr&amp;hlrm=en&amp;answer=95647<\/p>\n<p>\u00b7 Pour Firefox :http:\/\/support.mozilla.org\/fr\/kb\/Activer%20et%20d%C3%A9sactiver%20les%20cookies<\/p>\n<p><strong>1.2.4. Supprimer vos cookies <\/strong><\/p>\n<p>Vous pouvez supprimer la totalit\u00e9 de vos cookies ou uniquement ceux que vous souhaitez. Supprimer les cookies n\u2019emp\u00eache ni la navigation ni leur r\u00e9installation en cours de navigation. Cela vous permet de ma\u00eetriser \u00e0 un moment donn\u00e9 la biblioth\u00e8que de cookies de votre navigateur. Les cookies techniques, n\u00e9cessaires \u00e0 la navigation, seront r\u00e9install\u00e9s si vous vous rendez sur le Site.   <\/p>\n<p>Ci-dessous, nous vous expliquons la d\u00e9marche \u00e0 suivre selon votre navigateur.<\/p>\n<p>Chrome<\/p>\n<p>\u00b7 Dans le menu de Chrome, s\u00e9lectionnez \u00ab Param\u00e8tres \u00bb<br \/>\u00b7 Affichez les param\u00e8tres avanc\u00e9s<br \/>\u00b7 Rendez-vous dans le paragraphe \u00ab Confidentialit\u00e9 \u00bb<br \/>\u00b7 Cliquez sur \u00ab Param\u00e8tres de contenu \u00bb<br \/>\u00b7 Dans le paragraphe \u00ab Cookies \u00bb (premier paragraphe), cliquez sur \u00ab cookies et donn\u00e9es de site\u00bb<br \/>\u00b7 Recherchez les cookies que vous voulez supprimer et cliquez sur \u00ab OK \u00bb. Vous pouvez aussi choisir de supprimer tous vos cookies.<\/p>\n<p>Firefox<\/p>\n<p>\u00b7 Dans le menu de Firefox, allez dans \u00ab Outils \u00bb puis dans \u00ab Options \u00bb<br \/>\u00b7 Sur l\u2019onglet \u00ab Vie Priv\u00e9e \u00bb, cliquez sur \u00ab Afficher les cookies \u00bb<br \/>\u00b7 Recherchez les cookies que vous voulez supprimer et cliquez sur \u00ab Supprimer les cookies \u00bb<\/p>\n<p>Internet Explorer<\/p>\n<p>Internet Explorer ne permet pas la gestion des cookies au cas par cas. Pour supprimer tous vos cookies :<\/p>\n<p>\u00b7 Cliquez sur \u00ab outils \u00bb puis sur \u00ab Options Internet \u00bb<br \/>\u00b7 Dans l\u2019onglet \u00ab G\u00e9n\u00e9ral \u00bb, rubrique \u00ab Historique de navigation \u00bb, cliquez sur \u00ab Supprimer\u00bb<br \/>\u00b7 Cochez la case \u00ab Cookies \u00bb puis cliquez sur \u00ab Supprimer \u00bb<\/p>\n<p>Safari<\/p>\n<p>\u00b7 Dans le menu de Safari, s\u00e9lectionnez \u00ab Pr\u00e9f\u00e9rences \u00bb<br \/>\u00b7 Dans la fen\u00eatre qui s\u2019est ouverte, allez sur l\u2019onglet \u00ab S\u00e9curit\u00e9 \u00bb<br \/>\u00b7 Cliquez sur \u00ab Afficher les cookies \u00bb<br \/>\u00b7 Dans la fen\u00eatre qui s\u2019est ouverte, recherchez et s\u00e9lectionnez les cookies que vous voulez supprimer, et cliquez sur \u00ab Supprimer \u00bb<\/p>\n<p><strong>1.2.5. Navigation priv\u00e9e <\/strong><\/p>\n<p>Le mode \u00ab Navigation priv\u00e9e \u00bb, propos\u00e9 aujourd\u2019hui par tous les navigateurs, permet principalement de naviguer sur Internet sans conserver d\u2019historique des pages visit\u00e9es ou des t\u00e9l\u00e9chargements. Concernant les cookies, tous ceux qui ont \u00e9t\u00e9 enregistr\u00e9s durant votre navigation seront effac\u00e9s lorsque vous fermerez votre navigateur. Il ne s\u2019agit donc pas d\u2019une solution permettant de refuser les cookies ; cependant leur dur\u00e9e de vie reste alors limit\u00e9e \u00e0 la dur\u00e9e de votre navigation.<\/p>\n<p><strong>1.2.6. D\u00e9sactivation des cookies tiers <\/strong><\/p>\n<p>La d\u00e9sactivation des cookies tiers permet de n\u2019accepter que les cookies d\u00e9pos\u00e9s par le Site que vous avez \u00e9galement la possibilit\u00e9 de d\u00e9sactiver, de supprimer ou de limiter. Voici la proc\u00e9dure \u00e0 suivre, selon votre navigateur, si vous souhaitez refuser les cookies tiers :<\/p>\n<p>Chrome<\/p>\n<p>\u00b7 Dans le menu de Chrome, s\u00e9lectionnez \u00ab Param\u00e8tres \u00bb<br \/>\u00b7 Affichez les param\u00e8tres avanc\u00e9s<br \/>\u00b7 Rendez-vous dans le paragraphe \u00ab Confidentialit\u00e9 \u00bb<br \/>\u00b7 Cliquez sur \u00ab Param\u00e8tres de contenu \u00bb<br \/>\u00b7 Dans le paragraphe \u00ab Cookies \u00bb (premier paragraphe), cochez la case \u00ab Bloquer les cookies et les donn\u00e9es de site tiers \u00bb<br \/>\u00b7 Enregistrez les modifications en cliquant sur \u00ab OK \u00bb<\/p>\n<p>Firefox<\/p>\n<p>\u00b7 Dans le menu de Firefox, allez dans \u00ab Outils \u00bb puis dans \u00ab Options \u00bb<br \/>\u00b7 Sur l\u2019onglet \u00ab Vie Priv\u00e9e \u00bb, cochez la case \u00ab Accepter les cookies \u00bb<br \/>\u00b7 Pour le param\u00e8tre \u00ab Accepter les cookies tiers \u00bb, s\u00e9lectionnez \u00ab Jamais \u00bb<br \/>\u00b7 Enregistrez les modifications en cliquant sur \u00ab OK \u00bb<\/p>\n<p>Internet Explorer<\/p>\n<p>\u00b7 Dans le menu d\u2019Internet Explorer, allez sur \u00ab Options internet \u00bb<br \/>\u00b7 Dans l\u2019onglet \u00ab Confidentialit\u00e9 \u00bb, cliquez sur le bouton \u00ab Avanc\u00e9 \u00bb<br \/>\u00b7 Acceptez les cookies internes, refusez les cookies tierce partie<br \/>\u00b7 Enregistrez les modifications en cliquant sur \u00ab OK \u00bb<\/p>\n<p>Safari<\/p>\n<p>\u00b7 Dans le menu de Safari, s\u00e9lectionnez \u00ab Pr\u00e9f\u00e9rences \u00bb<br \/>\u00b7 Dans la fen\u00eatre qui s\u2019est ouverte, allez sur l\u2019onglet \u00ab S\u00e9curit\u00e9 \u00bb<br \/>\u00b7 Au choix, \u00ab Accepter les cookies \u00bb, s\u00e9lectionnez \u00ab Provenant seulement des sites que je visite \u00bb<\/p>\n<p><strong>1.2.7. Vos choix exprim\u00e9s en ligne directement aupr\u00e8s de nous <\/strong><\/p>\n<p>Si vous ne souhaitez pas :<\/p>\n<p>\u00b7 que nous recueillions des donn\u00e9es sur votre navigation,<br \/>\u00b7 que dans le cadre d\u2019une inscription via une op\u00e9ration sp\u00e9ciale nous puissions identifier l\u2019op\u00e9ration sp\u00e9ciale d\u2019origine,<\/p>\n<p>vous pouvez choisir de d\u00e9sactiver tous les cookies tiers, non-essentiels \u00e0 la navigation sur le Site.<\/p>\n<p>Nous enregistrerons alors sur votre Terminal un cookie ayant pour unique objet de d\u00e9sactiver le d\u00e9p\u00f4t de ces cookies sur votre poste. Ce cookie aura une dur\u00e9e de validit\u00e9 de douze (12) mois.<\/p>\n<p>Attention, la prise en compte de votre souhait repose sur un cookie. Si vous supprimez tous les cookies enregistr\u00e9s sur votre Terminal (via votre navigateur), le Responsable de traitement -ou ses prestataires- ne saura plus que vous avez choisi cette option.<\/p>\n\t\t\t\t\t\t\t\t<\/div>\n\t\t\t\t<\/div>\n\t\t\t\t\t<\/div>\n\t\t<\/div>\n\t\t\t\t\t<\/div>\n\t\t<\/section>\n\t\t\t\t\t<\/div>\n\t\t<\/div>\n\t\t\t\t\t<\/div>\n\t\t<\/section>\n\t\t\t\t<\/div>\n\t\t","protected":false},"excerpt":{"rendered":"<p>1. Politique concernant les cookies Un cookie est un t\u00e9moin de connexion c\u2019est-\u00e0-dire un fichier texte susceptible d\u2019\u00eatre enregistr\u00e9 dans un espace d\u00e9di\u00e9 du disque dur<span class=\"excerpt-hellip\"> [\u2026]<\/span><\/p>\n","protected":false},"author":1,"featured_media":0,"parent":0,"menu_order":0,"comment_status":"open","ping_status":"closed","template":"","meta":{"footnotes":""},"class_list":["post-1225","page","type-page","status-publish","hentry"],"yoast_head":"<!-- This site is optimized with the Yoast SEO plugin v27.1.1 - https:\/\/yoast.com\/product\/yoast-seo-wordpress\/ -->\n<title>Cookies policy - Maisons Eth Bordac<\/title>\n<meta name=\"robots\" content=\"index, follow, max-snippet:-1, max-image-preview:large, max-video-preview:-1\" \/>\n<link rel=\"canonical\" href=\"https:\/\/www.ethbordac.com\/politique-de-cookies\/\" \/>\n<meta property=\"og:locale\" content=\"en_US\" \/>\n<meta property=\"og:type\" content=\"article\" \/>\n<meta property=\"og:title\" content=\"Cookies policy - Maisons Eth Bordac\" \/>\n<meta property=\"og:description\" content=\"1. Politique concernant les cookies Un cookie est un t\u00e9moin de connexion c\u2019est-\u00e0-dire un fichier texte susceptible d\u2019\u00eatre enregistr\u00e9 dans un espace d\u00e9di\u00e9 du disque dur [\u2026]\" \/>\n<meta property=\"og:url\" content=\"https:\/\/www.ethbordac.com\/politique-de-cookies\/\" \/>\n<meta property=\"og:site_name\" content=\"Maisons Eth Bordac\" \/>\n<meta property=\"article:modified_time\" content=\"2024-12-06T12:31:59+00:00\" \/>\n<meta name=\"twitter:card\" content=\"summary_large_image\" \/>\n<meta name=\"twitter:label1\" content=\"Est. reading time\" \/>\n\t<meta name=\"twitter:data1\" content=\"8 minutes\" \/>\n<script type=\"application\/ld+json\" class=\"yoast-schema-graph\">{\"@context\":\"https:\/\/schema.org\",\"@graph\":[{\"@type\":\"WebPage\",\"@id\":\"https:\/\/www.ethbordac.com\/politique-de-cookies\/\",\"url\":\"https:\/\/www.ethbordac.com\/politique-de-cookies\/\",\"name\":\"Cookies policy - Maisons Eth Bordac\",\"isPartOf\":{\"@id\":\"https:\/\/www.ethbordac.com\/#website\"},\"datePublished\":\"2024-11-14T14:04:45+00:00\",\"dateModified\":\"2024-12-06T12:31:59+00:00\",\"breadcrumb\":{\"@id\":\"https:\/\/www.ethbordac.com\/politique-de-cookies\/#breadcrumb\"},\"inLanguage\":\"en-US\",\"potentialAction\":[{\"@type\":\"ReadAction\",\"target\":[\"https:\/\/www.ethbordac.com\/politique-de-cookies\/\"]}]},{\"@type\":\"BreadcrumbList\",\"@id\":\"https:\/\/www.ethbordac.com\/politique-de-cookies\/#breadcrumb\",\"itemListElement\":[{\"@type\":\"ListItem\",\"position\":1,\"name\":\"Accueil\",\"item\":\"https:\/\/www.ethbordac.com\/\"},{\"@type\":\"ListItem\",\"position\":2,\"name\":\"Cookies policy\"}]},{\"@type\":\"WebSite\",\"@id\":\"https:\/\/www.ethbordac.com\/#website\",\"url\":\"https:\/\/www.ethbordac.com\/\",\"name\":\"Maisons Eth Bordac\",\"description\":\"Location maisons de vacances dans les Pyr\u00e9n\u00e9es pr\u00e8s de Peyragudes et Luchon\",\"potentialAction\":[{\"@type\":\"SearchAction\",\"target\":{\"@type\":\"EntryPoint\",\"urlTemplate\":\"https:\/\/www.ethbordac.com\/?s={search_term_string}\"},\"query-input\":{\"@type\":\"PropertyValueSpecification\",\"valueRequired\":true,\"valueName\":\"search_term_string\"}}],\"inLanguage\":\"en-US\"}]}<\/script>\n<!-- \/ Yoast SEO plugin. -->","yoast_head_json":{"title":"Cookies policy - Maisons Eth Bordac","robots":{"index":"index","follow":"follow","max-snippet":"max-snippet:-1","max-image-preview":"max-image-preview:large","max-video-preview":"max-video-preview:-1"},"canonical":"https:\/\/www.ethbordac.com\/politique-de-cookies\/","og_locale":"en_US","og_type":"article","og_title":"Cookies policy - Maisons Eth Bordac","og_description":"1. Politique concernant les cookies Un cookie est un t\u00e9moin de connexion c\u2019est-\u00e0-dire un fichier texte susceptible d\u2019\u00eatre enregistr\u00e9 dans un espace d\u00e9di\u00e9 du disque dur [\u2026]","og_url":"https:\/\/www.ethbordac.com\/politique-de-cookies\/","og_site_name":"Maisons Eth Bordac","article_modified_time":"2024-12-06T12:31:59+00:00","twitter_card":"summary_large_image","twitter_misc":{"Est. reading time":"8 minutes"},"schema":{"@context":"https:\/\/schema.org","@graph":[{"@type":"WebPage","@id":"https:\/\/www.ethbordac.com\/politique-de-cookies\/","url":"https:\/\/www.ethbordac.com\/politique-de-cookies\/","name":"Cookies policy - Maisons Eth Bordac","isPartOf":{"@id":"https:\/\/www.ethbordac.com\/#website"},"datePublished":"2024-11-14T14:04:45+00:00","dateModified":"2024-12-06T12:31:59+00:00","breadcrumb":{"@id":"https:\/\/www.ethbordac.com\/politique-de-cookies\/#breadcrumb"},"inLanguage":"en-US","potentialAction":[{"@type":"ReadAction","target":["https:\/\/www.ethbordac.com\/politique-de-cookies\/"]}]},{"@type":"BreadcrumbList","@id":"https:\/\/www.ethbordac.com\/politique-de-cookies\/#breadcrumb","itemListElement":[{"@type":"ListItem","position":1,"name":"Accueil","item":"https:\/\/www.ethbordac.com\/"},{"@type":"ListItem","position":2,"name":"Cookies policy"}]},{"@type":"WebSite","@id":"https:\/\/www.ethbordac.com\/#website","url":"https:\/\/www.ethbordac.com\/","name":"Maisons Eth Bordac","description":"Location maisons de vacances dans les Pyr\u00e9n\u00e9es pr\u00e8s de Peyragudes et Luchon","potentialAction":[{"@type":"SearchAction","target":{"@type":"EntryPoint","urlTemplate":"https:\/\/www.ethbordac.com\/?s={search_term_string}"},"query-input":{"@type":"PropertyValueSpecification","valueRequired":true,"valueName":"search_term_string"}}],"inLanguage":"en-US"}]}},"_links":{"self":[{"href":"https:\/\/www.ethbordac.com\/en\/wp-json\/wp\/v2\/pages\/1225","targetHints":{"allow":["GET"]}}],"collection":[{"href":"https:\/\/www.ethbordac.com\/en\/wp-json\/wp\/v2\/pages"}],"about":[{"href":"https:\/\/www.ethbordac.com\/en\/wp-json\/wp\/v2\/types\/page"}],"author":[{"embeddable":true,"href":"https:\/\/www.ethbordac.com\/en\/wp-json\/wp\/v2\/users\/1"}],"replies":[{"embeddable":true,"href":"https:\/\/www.ethbordac.com\/en\/wp-json\/wp\/v2\/comments?post=1225"}],"version-history":[{"count":5,"href":"https:\/\/www.ethbordac.com\/en\/wp-json\/wp\/v2\/pages\/1225\/revisions"}],"predecessor-version":[{"id":1646,"href":"https:\/\/www.ethbordac.com\/en\/wp-json\/wp\/v2\/pages\/1225\/revisions\/1646"}],"wp:attachment":[{"href":"https:\/\/www.ethbordac.com\/en\/wp-json\/wp\/v2\/media?parent=1225"}],"curies":[{"name":"wp","href":"https:\/\/api.w.org\/{rel}","templated":true}]}}